{"id":226,"date":"2024-10-08T09:38:49","date_gmt":"2024-10-08T07:38:49","guid":{"rendered":"https:\/\/www.summer-app.com\/chariot\/"},"modified":"2025-09-16T23:37:29","modified_gmt":"2025-09-16T21:37:29","slug":"chariot","status":"publish","type":"page","link":"https:\/\/www.summer-app.com\/fr\/chariot\/","title":{"rendered":"Panier"},"content":{"rendered":"\n<div class=\"wp-block-group has-global-padding is-layout-constrained wp-block-group-is-layout-constrained\">\n<h1 class=\"wp-block-heading has-text-align-center\">Poursuivre votre achat<\/h1>\n\n\n\n<p class=\"has-text-align-center\">Mer, soleil et Summer !<\/p>\n<\/div>\n\n<div data-block-name=\"woocommerce\/cart\" class=\"wp-block-woocommerce-cart is-loading\">\n<div data-block-name=\"woocommerce\/filled-cart-block\" class=\"wp-block-woocommerce-filled-cart-block\">\n<div data-block-name=\"woocommerce\/cart-items-block\" class=\"wp-block-woocommerce-cart-items-block\">\n<div data-block-name=\"woocommerce\/cart-line-items-block\" class=\"wp-block-woocommerce-cart-line-items-block\"><\/div>\n\n\n\n<div data-block-name=\"woocommerce\/cart-cross-sells-block\" class=\"wp-block-woocommerce-cart-cross-sells-block\">\n<h2 class=\"wp-block-heading has-large-font-size\">Vous pourriez \u00eatre int\u00e9ress\u00e9 par&#8230;<\/h2>\n\n\n\n<div data-block-name=\"woocommerce\/cart-cross-sells-products-block\" class=\"wp-block-woocommerce-cart-cross-sells-products-block\"><\/div>\n<\/div>\n<\/div>\n\n\n\n<div data-block-name=\"woocommerce\/cart-totals-block\" class=\"wp-block-woocommerce-cart-totals-block\">\n<div data-block-name=\"woocommerce\/cart-order-summary-block\" class=\"wp-block-woocommerce-cart-order-summary-block\">\n<div data-block-name=\"woocommerce\/cart-order-summary-heading-block\" class=\"wp-block-woocommerce-cart-order-summary-heading-block\"><\/div>\n\n\n\n<div data-block-name=\"woocommerce\/cart-order-summary-coupon-form-block\" class=\"wp-block-woocommerce-cart-order-summary-coupon-form-block\"><\/div>\n\n\n\n<div data-block-name=\"woocommerce\/cart-order-summary-totals-block\" class=\"wp-block-woocommerce-cart-order-summary-totals-block\">\n<div data-block-name=\"woocommerce\/cart-order-summary-subtotal-block\" class=\"wp-block-woocommerce-cart-order-summary-subtotal-block\"><\/div>\n\n\n\n<div data-block-name=\"woocommerce\/cart-order-summary-fee-block\" class=\"wp-block-woocommerce-cart-order-summary-fee-block\"><\/div>\n\n\n\n<div data-block-name=\"woocommerce\/cart-order-summary-discount-block\" class=\"wp-block-woocommerce-cart-order-summary-discount-block\"><\/div>\n\n\n\n<div data-block-name=\"woocommerce\/cart-order-summary-shipping-block\" class=\"wp-block-woocommerce-cart-order-summary-shipping-block\"><\/div>\n\n\n\n<div data-block-name=\"woocommerce\/cart-order-summary-taxes-block\" class=\"wp-block-woocommerce-cart-order-summary-taxes-block\"><\/div>\n<\/div>\n<\/div>\n\n\n\n<div data-block-name=\"woocommerce\/cart-express-payment-block\" class=\"wp-block-woocommerce-cart-express-payment-block\"><\/div>\n\n\n\n<div data-block-name=\"woocommerce\/proceed-to-checkout-block\" class=\"wp-block-woocommerce-proceed-to-checkout-block\"><\/div>\n\n\n\n<div data-block-name=\"woocommerce\/cart-accepted-payment-methods-block\" class=\"wp-block-woocommerce-cart-accepted-payment-methods-block\"><\/div>\n<\/div>\n<\/div>\n\n\n\n<div data-block-name=\"woocommerce\/empty-cart-block\" class=\"wp-block-woocommerce-empty-cart-block\">\n<h2 class=\"wp-block-heading has-text-align-center with-empty-cart-icon wc-block-cart__empty-cart__title\">Votre panier est actuellement vide !<\/h2>\n<\/div>\n<\/div>\n","protected":false},"excerpt":{"rendered":"<p>Poursuivre votre achat Mer, soleil et Summer !<\/p>\n","protected":false},"author":1,"featured_media":0,"parent":0,"menu_order":0,"comment_status":"closed","ping_status":"closed","template":"","meta":{"footnotes":""},"class_list":["post-226","page","type-page","status-publish","hentry"],"yoast_head":"<!-- This site is optimized with the Yoast SEO plugin v27.3 - https:\/\/yoast.com\/product\/yoast-seo-wordpress\/ -->\n<title>Panier - Summer - The web support platform<\/title>\n<meta name=\"robots\" content=\"index, follow, max-snippet:-1, max-image-preview:large, max-video-preview:-1\" \/>\n<link rel=\"canonical\" href=\"https:\/\/www.summer-app.com\/fr\/chariot\/\" \/>\n<meta property=\"og:locale\" content=\"fr_FR\" \/>\n<meta property=\"og:type\" content=\"article\" \/>\n<meta property=\"og:title\" content=\"Panier - Summer - The web support platform\" \/>\n<meta property=\"og:description\" content=\"Poursuivre votre achat Mer, soleil et Summer !\" \/>\n<meta property=\"og:url\" content=\"https:\/\/www.summer-app.com\/fr\/chariot\/\" \/>\n<meta property=\"og:site_name\" content=\"Summer - The web support platform\" \/>\n<meta property=\"article:modified_time\" content=\"2025-09-16T21:37:29+00:00\" \/>\n<meta name=\"twitter:card\" content=\"summary_large_image\" \/>\n<meta name=\"twitter:label1\" content=\"Dur\u00e9e de lecture estim\u00e9e\" \/>\n\t<meta name=\"twitter:data1\" content=\"1 minute\" \/>\n<script type=\"application\/ld+json\" class=\"yoast-schema-graph\">{\"@context\":\"https:\\\/\\\/schema.org\",\"@graph\":[{\"@type\":\"WebPage\",\"@id\":\"https:\\\/\\\/www.summer-app.com\\\/fr\\\/chariot\\\/\",\"url\":\"https:\\\/\\\/www.summer-app.com\\\/fr\\\/chariot\\\/\",\"name\":\"Panier - Summer - The web support platform\",\"isPartOf\":{\"@id\":\"https:\\\/\\\/www.summer-app.com\\\/fr\\\/#website\"},\"datePublished\":\"2024-10-08T07:38:49+00:00\",\"dateModified\":\"2025-09-16T21:37:29+00:00\",\"breadcrumb\":{\"@id\":\"https:\\\/\\\/www.summer-app.com\\\/fr\\\/chariot\\\/#breadcrumb\"},\"inLanguage\":\"fr-FR\",\"potentialAction\":[{\"@type\":\"ReadAction\",\"target\":[\"https:\\\/\\\/www.summer-app.com\\\/fr\\\/chariot\\\/\"]}]},{\"@type\":\"BreadcrumbList\",\"@id\":\"https:\\\/\\\/www.summer-app.com\\\/fr\\\/chariot\\\/#breadcrumb\",\"itemListElement\":[{\"@type\":\"ListItem\",\"position\":1,\"name\":\"Accueil\",\"item\":\"https:\\\/\\\/www.summer-app.com\\\/fr\\\/\"},{\"@type\":\"ListItem\",\"position\":2,\"name\":\"Panier\"}]},{\"@type\":\"WebSite\",\"@id\":\"https:\\\/\\\/www.summer-app.com\\\/fr\\\/#website\",\"url\":\"https:\\\/\\\/www.summer-app.com\\\/fr\\\/\",\"name\":\"Summer - The web support platform\",\"description\":\"\",\"publisher\":{\"@id\":\"https:\\\/\\\/www.summer-app.com\\\/fr\\\/#organization\"},\"potentialAction\":[{\"@type\":\"SearchAction\",\"target\":{\"@type\":\"EntryPoint\",\"urlTemplate\":\"https:\\\/\\\/www.summer-app.com\\\/fr\\\/?s={search_term_string}\"},\"query-input\":{\"@type\":\"PropertyValueSpecification\",\"valueRequired\":true,\"valueName\":\"search_term_string\"}}],\"inLanguage\":\"fr-FR\"},{\"@type\":\"Organization\",\"@id\":\"https:\\\/\\\/www.summer-app.com\\\/fr\\\/#organization\",\"name\":\"Summer - The web support platform\",\"url\":\"https:\\\/\\\/www.summer-app.com\\\/fr\\\/\",\"logo\":{\"@type\":\"ImageObject\",\"inLanguage\":\"fr-FR\",\"@id\":\"https:\\\/\\\/www.summer-app.com\\\/fr\\\/#\\\/schema\\\/logo\\\/image\\\/\",\"url\":\"https:\\\/\\\/www.summer-app.com\\\/wp-content\\\/uploads\\\/2024\\\/09\\\/header-logo.png\",\"contentUrl\":\"https:\\\/\\\/www.summer-app.com\\\/wp-content\\\/uploads\\\/2024\\\/09\\\/header-logo.png\",\"width\":115,\"height\":68,\"caption\":\"Summer - The web support platform\"},\"image\":{\"@id\":\"https:\\\/\\\/www.summer-app.com\\\/fr\\\/#\\\/schema\\\/logo\\\/image\\\/\"}}]}<\/script>\n<!-- \/ Yoast SEO plugin. -->","yoast_head_json":{"title":"Panier - Summer - The web support platform","robots":{"index":"index","follow":"follow","max-snippet":"max-snippet:-1","max-image-preview":"max-image-preview:large","max-video-preview":"max-video-preview:-1"},"canonical":"https:\/\/www.summer-app.com\/fr\/chariot\/","og_locale":"fr_FR","og_type":"article","og_title":"Panier - Summer - The web support platform","og_description":"Poursuivre votre achat Mer, soleil et Summer !","og_url":"https:\/\/www.summer-app.com\/fr\/chariot\/","og_site_name":"Summer - The web support platform","article_modified_time":"2025-09-16T21:37:29+00:00","twitter_card":"summary_large_image","twitter_misc":{"Dur\u00e9e de lecture estim\u00e9e":"1 minute"},"schema":{"@context":"https:\/\/schema.org","@graph":[{"@type":"WebPage","@id":"https:\/\/www.summer-app.com\/fr\/chariot\/","url":"https:\/\/www.summer-app.com\/fr\/chariot\/","name":"Panier - Summer - The web support platform","isPartOf":{"@id":"https:\/\/www.summer-app.com\/fr\/#website"},"datePublished":"2024-10-08T07:38:49+00:00","dateModified":"2025-09-16T21:37:29+00:00","breadcrumb":{"@id":"https:\/\/www.summer-app.com\/fr\/chariot\/#breadcrumb"},"inLanguage":"fr-FR","potentialAction":[{"@type":"ReadAction","target":["https:\/\/www.summer-app.com\/fr\/chariot\/"]}]},{"@type":"BreadcrumbList","@id":"https:\/\/www.summer-app.com\/fr\/chariot\/#breadcrumb","itemListElement":[{"@type":"ListItem","position":1,"name":"Accueil","item":"https:\/\/www.summer-app.com\/fr\/"},{"@type":"ListItem","position":2,"name":"Panier"}]},{"@type":"WebSite","@id":"https:\/\/www.summer-app.com\/fr\/#website","url":"https:\/\/www.summer-app.com\/fr\/","name":"Summer - The web support platform","description":"","publisher":{"@id":"https:\/\/www.summer-app.com\/fr\/#organization"},"potentialAction":[{"@type":"SearchAction","target":{"@type":"EntryPoint","urlTemplate":"https:\/\/www.summer-app.com\/fr\/?s={search_term_string}"},"query-input":{"@type":"PropertyValueSpecification","valueRequired":true,"valueName":"search_term_string"}}],"inLanguage":"fr-FR"},{"@type":"Organization","@id":"https:\/\/www.summer-app.com\/fr\/#organization","name":"Summer - The web support platform","url":"https:\/\/www.summer-app.com\/fr\/","logo":{"@type":"ImageObject","inLanguage":"fr-FR","@id":"https:\/\/www.summer-app.com\/fr\/#\/schema\/logo\/image\/","url":"https:\/\/www.summer-app.com\/wp-content\/uploads\/2024\/09\/header-logo.png","contentUrl":"https:\/\/www.summer-app.com\/wp-content\/uploads\/2024\/09\/header-logo.png","width":115,"height":68,"caption":"Summer - The web support platform"},"image":{"@id":"https:\/\/www.summer-app.com\/fr\/#\/schema\/logo\/image\/"}}]}},"_links":{"self":[{"href":"https:\/\/www.summer-app.com\/fr\/wp-json\/wp\/v2\/pages\/226","targetHints":{"allow":["GET"]}}],"collection":[{"href":"https:\/\/www.summer-app.com\/fr\/wp-json\/wp\/v2\/pages"}],"about":[{"href":"https:\/\/www.summer-app.com\/fr\/wp-json\/wp\/v2\/types\/page"}],"author":[{"embeddable":true,"href":"https:\/\/www.summer-app.com\/fr\/wp-json\/wp\/v2\/users\/1"}],"replies":[{"embeddable":true,"href":"https:\/\/www.summer-app.com\/fr\/wp-json\/wp\/v2\/comments?post=226"}],"version-history":[{"count":6,"href":"https:\/\/www.summer-app.com\/fr\/wp-json\/wp\/v2\/pages\/226\/revisions"}],"predecessor-version":[{"id":916,"href":"https:\/\/www.summer-app.com\/fr\/wp-json\/wp\/v2\/pages\/226\/revisions\/916"}],"wp:attachment":[{"href":"https:\/\/www.summer-app.com\/fr\/wp-json\/wp\/v2\/media?parent=226"}],"curies":[{"name":"wp","href":"https:\/\/api.w.org\/{rel}","templated":true}]}}