{"id":23,"date":"2024-09-07T03:25:22","date_gmt":"2024-09-07T01:25:22","guid":{"rendered":"https:\/\/www.summer-app.com\/accueil\/"},"modified":"2025-10-29T15:55:53","modified_gmt":"2025-10-29T14:55:53","slug":"accueil","status":"publish","type":"page","link":"https:\/\/www.summer-app.com\/fr\/","title":{"rendered":"Accueil"},"content":{"rendered":"\n<div class=\"wp-block-group alignfull banner has-global-padding is-layout-constrained wp-block-group-is-layout-constrained\">\n<h1 class=\"wp-block-heading has-text-align-center\"><strong>Votre plateforme de support sur le cloud&nbsp;!<\/strong><\/h1>\n\n\n\n<p class=\"has-text-align-center\">Con\u00e7u par des &lsquo;<em>agency pros<\/em>&lsquo; pour les pros<\/p>\n\n\n\n<div class=\"wp-block-buttons is-content-justification-center is-layout-flex wp-container-core-buttons-is-layout-a89b3969 wp-block-buttons-is-layout-flex\">\n<div class=\"wp-block-button is-style-btn-purple\"><a class=\"wp-block-button__link wp-element-button\" href=\"https:\/\/www.summer-app.com\/fr\/lancer-un-compte-gratuit\/\">Lancer un compte gratuit Summer !<\/a><\/div>\n<\/div>\n<\/div>\n\n\n\n<div class=\"wp-block-cover alignfull is-light has-custom-content-position is-position-top-center intro\" style=\"border-radius:40px\"><img decoding=\"async\" width=\"1024\" height=\"683\" class=\"wp-block-cover__image-background wp-image-1283 size-large\" alt=\"\" src=\"https:\/\/www.summer-app.com\/wp-content\/uploads\/2025\/10\/summer-customer-support-1024x683.jpeg\" data-object-fit=\"cover\" srcset=\"https:\/\/www.summer-app.com\/wp-content\/uploads\/2025\/10\/summer-customer-support-1024x683.jpeg 1024w, https:\/\/www.summer-app.com\/wp-content\/uploads\/2025\/10\/summer-customer-support-300x200.jpeg 300w, https:\/\/www.summer-app.com\/wp-content\/uploads\/2025\/10\/summer-customer-support-768x512.jpeg 768w, https:\/\/www.summer-app.com\/wp-content\/uploads\/2025\/10\/summer-customer-support-1536x1024.jpeg 1536w, https:\/\/www.summer-app.com\/wp-content\/uploads\/2025\/10\/summer-customer-support-2048x1366.jpeg 2048w, https:\/\/www.summer-app.com\/wp-content\/uploads\/2025\/10\/summer-customer-support-600x400.jpeg 600w\" sizes=\"(max-width: 1024px) 100vw, 1024px\" \/><span aria-hidden=\"true\" class=\"wp-block-cover__background has-background-dim-0 has-background-dim\" style=\"background-color:#888887\"><\/span><div class=\"wp-block-cover__inner-container has-global-padding is-layout-constrained wp-block-cover-is-layout-constrained\">\n<div class=\"wp-block-buttons is-layout-flex wp-block-buttons-is-layout-flex\">\n<div class=\"wp-block-button\"><a class=\"wp-block-button__link wp-element-button\"><img decoding=\"async\" width=\"62\" height=\"63\" class=\"wp-image-202\" style=\"width: 62px;\" src=\"https:\/\/www.summer-app.com\/wp-content\/uploads\/2024\/09\/Group-55.png\" alt=\"\">Je vais cr\u00e9er rapidement un <strong>ticket de support<\/strong>&nbsp;\ud83d\ude42<\/a><\/div>\n\n\n\n<div class=\"wp-block-button\"><a class=\"wp-block-button__link wp-element-button\"><img decoding=\"async\" width=\"62\" height=\"63\" class=\"wp-image-205\" style=\"width: 62px;\" src=\"https:\/\/www.summer-app.com\/wp-content\/uploads\/2024\/09\/Group-40.png\" alt=\"\">Un nouveau projet&nbsp;! Et un<strong> nouveau client<\/strong>, c&rsquo;est parti&nbsp;! (^-^)  <\/a><\/div>\n\n\n\n<div class=\"wp-block-button\"><a class=\"wp-block-button__link wp-element-button\"><img decoding=\"async\" width=\"62\" height=\"63\" class=\"wp-image-207\" style=\"width: 62px;\" src=\"https:\/\/www.summer-app.com\/wp-content\/uploads\/2024\/09\/Group-41.png\" alt=\"\">Nous avons re\u00e7u le rapport sur la <strong>discussion <\/strong>du projet.<\/a><\/div>\n<\/div>\n<\/div><\/div>\n\n\n\n<div class=\"wp-block-columns are-vertically-aligned-center is-layout-flex wp-container-core-columns-is-layout-28f84493 wp-block-columns-is-layout-flex\">\n<div class=\"wp-block-column is-vertically-aligned-center is-layout-flow wp-block-column-is-layout-flow\">\n<figure class=\"wp-block-image size-full\"><img decoding=\"async\" width=\"1230\" height=\"1488\" src=\"https:\/\/www.summer-app.com\/wp-content\/uploads\/2025\/10\/summer-tickets-so-easy.png\" alt=\"\" class=\"wp-image-1293\" srcset=\"https:\/\/www.summer-app.com\/wp-content\/uploads\/2025\/10\/summer-tickets-so-easy.png 1230w, https:\/\/www.summer-app.com\/wp-content\/uploads\/2025\/10\/summer-tickets-so-easy-248x300.png 248w, https:\/\/www.summer-app.com\/wp-content\/uploads\/2025\/10\/summer-tickets-so-easy-846x1024.png 846w, https:\/\/www.summer-app.com\/wp-content\/uploads\/2025\/10\/summer-tickets-so-easy-768x929.png 768w, https:\/\/www.summer-app.com\/wp-content\/uploads\/2025\/10\/summer-tickets-so-easy-600x726.png 600w\" sizes=\"(max-width: 1230px) 100vw, 1230px\" \/><\/figure>\n<\/div>\n\n\n\n<div class=\"wp-block-column is-vertically-aligned-center is-layout-flow wp-block-column-is-layout-flow\">\n<h2 class=\"wp-block-heading\">Le web support ticketing<\/h2>\n\n\n\n<p>Soyons r\u00e9alistes : aucun outil ne permet de tout faire parfaitement. Mais que se passerait-il si chaque outil permettait de faire une chose parfaite&nbsp;? <\/p>\n\n\n\n<p>Summer fait un excellent ticketing de support web. Point.<\/p>\n\n\n\n<p>Alors pourquoi payer plus cher alors que nous savons tous que moins cher, c\u2019est plus d\u2019\u00e9conomies pour vous&nbsp;!<\/p>\n\n\n\n<p>Optimis\u00e9 pour les ind\u00e9pendant\u00b7es, les agences et les entrepreneurs\u00b7euses, que vous soyez en t\u00e9l\u00e9travail ou au bureau, Summer vous permet, \u00e0 vous et \u00e0 vos clients, de rester connect\u00e9s&nbsp;!<\/p>\n\n\n\n<div class=\"wp-block-buttons is-layout-flex wp-block-buttons-is-layout-flex\">\n<div class=\"wp-block-button\"><a class=\"wp-block-button__link wp-element-button\" href=\"https:\/\/www.summer-app.com\/fr\/fonctions\/\">D\u00e9couvrez ses fonctionnalit\u00e9s<\/a><\/div>\n<\/div>\n<\/div>\n<\/div>\n\n\n\n<div class=\"wp-block-group alignfull functions-block has-global-padding is-layout-constrained wp-block-group-is-layout-constrained\">\n<div class=\"wp-block-media-text alignwide has-media-on-the-right is-stacked-on-mobile is-vertically-aligned-bottom tab-content\" id=\"dashboard\"><div class=\"wp-block-media-text__content\">\n<h2 class=\"wp-block-heading\"><strong>Fonctionnalit\u00e9s<\/strong><\/h2>\n\n\n\n<p><strong>Summer, c\u2019est hot !&nbsp;<\/strong><\/p>\n\n\n\n<p><strong>Summer pr\u00e9sente les fonctionnalit\u00e9s essentielles pour une gestion optimale du support client.\u00a0Vous vouliez de l\u2019efficacit\u00e9\u00a0? Vous l\u2019avez\u00a0!<br><\/strong>Aucun jour de farniente avec Summer. La plateforme en ligne vous offre de nombreuses fonctions. Et vous n\u2019y trouverez que celles n\u00e9cessaires pour g\u00e9rer avec facilit\u00e9 et sans probl\u00e8me votre support client. Simple\u00a0!\u00a0\ud83d\ude00<\/p>\n\n\n\n<div class=\"wp-block-buttons is-layout-flex wp-block-buttons-is-layout-flex\">\n<div class=\"wp-block-button\"><a class=\"wp-block-button__link wp-element-button\" href=\"https:\/\/www.summer-app.com\/fr\/fonctions\/\"><strong>Voir toutes les fonctionnalit\u00e9s<\/strong><\/a><\/div>\n<\/div>\n<\/div><figure class=\"wp-block-media-text__media\"><img decoding=\"async\" width=\"1024\" height=\"779\" src=\"https:\/\/www.summer-app.com\/wp-content\/uploads\/2025\/01\/01_dashboard-1024x779.png\" alt=\"\" class=\"wp-image-476 size-full\" srcset=\"https:\/\/www.summer-app.com\/wp-content\/uploads\/2025\/01\/01_dashboard-1024x779.png 1024w, https:\/\/www.summer-app.com\/wp-content\/uploads\/2025\/01\/01_dashboard-300x228.png 300w, https:\/\/www.summer-app.com\/wp-content\/uploads\/2025\/01\/01_dashboard-768x584.png 768w, https:\/\/www.summer-app.com\/wp-content\/uploads\/2025\/01\/01_dashboard-1536x1168.png 1536w, https:\/\/www.summer-app.com\/wp-content\/uploads\/2025\/01\/01_dashboard-600x456.png 600w, https:\/\/www.summer-app.com\/wp-content\/uploads\/2025\/01\/01_dashboard.png 1644w\" sizes=\"(max-width: 1024px) 100vw, 1024px\" \/><\/figure><\/div>\n<\/div>\n\n\n\n<div class=\"wp-block-columns are-vertically-aligned-center is-layout-flex wp-container-core-columns-is-layout-28f84493 wp-block-columns-is-layout-flex\">\n<div class=\"wp-block-column is-vertically-aligned-center is-layout-flow wp-block-column-is-layout-flow\">\n<h2 class=\"wp-block-heading\">Commencez avec un plan gratuit. Passez \u00e0 la version sup\u00e9rieure quand vous le souhaitez. <\/h2>\n\n\n\n<p>La tarification doit \u00eatre simple et, surtout, vous ne devez payer que ce que vous utilisez. C\u2019est ce que l\u2019on appelle les plaisirs <em>sunny, Summer fun&nbsp;!<\/em><\/p>\n\n\n\n<div class=\"wp-block-buttons is-layout-flex wp-block-buttons-is-layout-flex\">\n<div class=\"wp-block-button\"><a class=\"wp-block-button__link wp-element-button\" href=\"https:\/\/www.summer-app.com\/fr\/tarification\/\">Voir nos tarifs<\/a><\/div>\n<\/div>\n<\/div>\n\n\n\n<div class=\"wp-block-column is-vertically-aligned-center is-layout-flow wp-block-column-is-layout-flow\">\n<figure class=\"wp-block-image size-full\"><img decoding=\"async\" width=\"677\" height=\"614\" src=\"https:\/\/www.summer-app.com\/wp-content\/uploads\/2024\/09\/Rectangle-21-2.png\" alt=\"\" class=\"wp-image-64\" srcset=\"https:\/\/www.summer-app.com\/wp-content\/uploads\/2024\/09\/Rectangle-21-2.png 677w, https:\/\/www.summer-app.com\/wp-content\/uploads\/2024\/09\/Rectangle-21-2-300x272.png 300w\" sizes=\"(max-width: 677px) 100vw, 677px\" \/><\/figure>\n<\/div>\n<\/div>\n","protected":false},"excerpt":{"rendered":"<p>Votre plateforme de support sur le cloud&nbsp;! Con\u00e7u par des &lsquo;agency pros&lsquo; pour les pros Le web support ticketing Soyons r\u00e9alistes : aucun outil ne permet de tout faire parfaitement. Mais que se passerait-il si chaque outil permettait de faire une chose parfaite&nbsp;? Summer fait un excellent ticketing de support web. Point. Alors pourquoi payer plus cher alors que nous savons tous que moins cher, c\u2019est plus d\u2019\u00e9conomies pour vous&nbsp;! Optimis\u00e9 pour les ind\u00e9pendant\u00b7es, les agences et les entrepreneurs\u00b7euses, que vous soyez en t\u00e9l\u00e9travail ou au bureau, Summer vous permet, \u00e0 vous et \u00e0 vos clients, de rester connect\u00e9s&nbsp;! Fonctionnalit\u00e9s Summer, c\u2019est hot !&nbsp; Summer pr\u00e9sente les fonctionnalit\u00e9s essentielles pour une gestion optimale du support client.\u00a0Vous vouliez de l\u2019efficacit\u00e9\u00a0? Vous l\u2019avez\u00a0!Aucun jour de farniente avec Summer. La plateforme en ligne vous offre de nombreuses fonctions. Et vous n\u2019y trouverez que celles n\u00e9cessaires pour g\u00e9rer avec facilit\u00e9 et sans probl\u00e8me votre support client. Simple\u00a0!\u00a0\ud83d\ude00 Commencez avec un plan gratuit. Passez \u00e0 la version sup\u00e9rieure quand vous le souhaitez. La tarification doit \u00eatre simple et, surtout, vous ne devez payer que ce que vous utilisez. C\u2019est ce que l\u2019on appelle les plaisirs sunny, Summer fun&nbsp;!<\/p>\n","protected":false},"author":1,"featured_media":0,"parent":0,"menu_order":0,"comment_status":"closed","ping_status":"closed","template":"","meta":{"footnotes":""},"class_list":["post-23","page","type-page","status-publish","hentry"],"yoast_head":"<!-- This site is optimized with the Yoast SEO plugin v27.3 - https:\/\/yoast.com\/product\/yoast-seo-wordpress\/ -->\n<title>Summer - The web support platform<\/title>\n<meta name=\"description\" content=\"D\u00e9couvrez pourquoi Summer est adapt\u00e9 \u00e0 vos projets pour g\u00e9rer le support web avec vos clients et partenaires.\" \/>\n<meta name=\"robots\" content=\"index, follow, max-snippet:-1, max-image-preview:large, max-video-preview:-1\" \/>\n<link rel=\"canonical\" href=\"https:\/\/www.summer-app.com\/fr\/\" \/>\n<meta property=\"og:locale\" content=\"fr_FR\" \/>\n<meta property=\"og:type\" content=\"article\" \/>\n<meta property=\"og:title\" content=\"Summer - The web support platform\" \/>\n<meta property=\"og:description\" content=\"D\u00e9couvrez pourquoi Summer est adapt\u00e9 \u00e0 vos projets pour g\u00e9rer le support web avec vos clients et partenaires.\" \/>\n<meta property=\"og:url\" content=\"https:\/\/www.summer-app.com\/fr\/\" \/>\n<meta property=\"og:site_name\" content=\"Summer - The web support platform\" \/>\n<meta property=\"article:modified_time\" content=\"2025-10-29T14:55:53+00:00\" \/>\n<meta property=\"og:image\" content=\"https:\/\/www.summer-app.com\/wp-content\/uploads\/2025\/10\/summer-customer-support.jpeg\" \/>\n\t<meta property=\"og:image:width\" content=\"2560\" \/>\n\t<meta property=\"og:image:height\" content=\"1707\" \/>\n\t<meta property=\"og:image:type\" content=\"image\/jpeg\" \/>\n<meta name=\"twitter:card\" content=\"summary_large_image\" \/>\n<meta name=\"twitter:label1\" content=\"Dur\u00e9e de lecture estim\u00e9e\" \/>\n\t<meta name=\"twitter:data1\" content=\"3 minutes\" \/>\n<script type=\"application\/ld+json\" class=\"yoast-schema-graph\">{\"@context\":\"https:\\\/\\\/schema.org\",\"@graph\":[{\"@type\":\"WebPage\",\"@id\":\"https:\\\/\\\/www.summer-app.com\\\/fr\\\/\",\"url\":\"https:\\\/\\\/www.summer-app.com\\\/fr\\\/\",\"name\":\"Summer - The web support platform\",\"isPartOf\":{\"@id\":\"https:\\\/\\\/www.summer-app.com\\\/fr\\\/#website\"},\"primaryImageOfPage\":{\"@id\":\"https:\\\/\\\/www.summer-app.com\\\/fr\\\/#primaryimage\"},\"image\":{\"@id\":\"https:\\\/\\\/www.summer-app.com\\\/fr\\\/#primaryimage\"},\"thumbnailUrl\":\"https:\\\/\\\/www.summer-app.com\\\/wp-content\\\/uploads\\\/2025\\\/10\\\/summer-customer-support-1024x683.jpeg\",\"datePublished\":\"2024-09-07T01:25:22+00:00\",\"dateModified\":\"2025-10-29T14:55:53+00:00\",\"description\":\"D\u00e9couvrez pourquoi Summer est adapt\u00e9 \u00e0 vos projets pour g\u00e9rer le support web avec vos clients et partenaires.\",\"breadcrumb\":{\"@id\":\"https:\\\/\\\/www.summer-app.com\\\/fr\\\/#breadcrumb\"},\"inLanguage\":\"fr-FR\",\"potentialAction\":[{\"@type\":\"ReadAction\",\"target\":[\"https:\\\/\\\/www.summer-app.com\\\/fr\\\/\"]}]},{\"@type\":\"ImageObject\",\"inLanguage\":\"fr-FR\",\"@id\":\"https:\\\/\\\/www.summer-app.com\\\/fr\\\/#primaryimage\",\"url\":\"https:\\\/\\\/www.summer-app.com\\\/wp-content\\\/uploads\\\/2025\\\/10\\\/summer-customer-support-1024x683.jpeg\",\"contentUrl\":\"https:\\\/\\\/www.summer-app.com\\\/wp-content\\\/uploads\\\/2025\\\/10\\\/summer-customer-support-1024x683.jpeg\"},{\"@type\":\"BreadcrumbList\",\"@id\":\"https:\\\/\\\/www.summer-app.com\\\/fr\\\/#breadcrumb\",\"itemListElement\":[{\"@type\":\"ListItem\",\"position\":1,\"name\":\"Accueil\",\"item\":\"https:\\\/\\\/www.summer-app.com\\\/fr\\\/\"},{\"@type\":\"ListItem\",\"position\":2,\"name\":\"Accueil\"}]},{\"@type\":\"WebSite\",\"@id\":\"https:\\\/\\\/www.summer-app.com\\\/fr\\\/#website\",\"url\":\"https:\\\/\\\/www.summer-app.com\\\/fr\\\/\",\"name\":\"Summer - The web support platform\",\"description\":\"\",\"publisher\":{\"@id\":\"https:\\\/\\\/www.summer-app.com\\\/fr\\\/#organization\"},\"potentialAction\":[{\"@type\":\"SearchAction\",\"target\":{\"@type\":\"EntryPoint\",\"urlTemplate\":\"https:\\\/\\\/www.summer-app.com\\\/fr\\\/?s={search_term_string}\"},\"query-input\":{\"@type\":\"PropertyValueSpecification\",\"valueRequired\":true,\"valueName\":\"search_term_string\"}}],\"inLanguage\":\"fr-FR\"},{\"@type\":\"Organization\",\"@id\":\"https:\\\/\\\/www.summer-app.com\\\/fr\\\/#organization\",\"name\":\"Summer - The web support platform\",\"url\":\"https:\\\/\\\/www.summer-app.com\\\/fr\\\/\",\"logo\":{\"@type\":\"ImageObject\",\"inLanguage\":\"fr-FR\",\"@id\":\"https:\\\/\\\/www.summer-app.com\\\/fr\\\/#\\\/schema\\\/logo\\\/image\\\/\",\"url\":\"https:\\\/\\\/www.summer-app.com\\\/wp-content\\\/uploads\\\/2024\\\/09\\\/header-logo.png\",\"contentUrl\":\"https:\\\/\\\/www.summer-app.com\\\/wp-content\\\/uploads\\\/2024\\\/09\\\/header-logo.png\",\"width\":115,\"height\":68,\"caption\":\"Summer - The web support platform\"},\"image\":{\"@id\":\"https:\\\/\\\/www.summer-app.com\\\/fr\\\/#\\\/schema\\\/logo\\\/image\\\/\"}}]}<\/script>\n<!-- \/ Yoast SEO plugin. -->","yoast_head_json":{"title":"Summer - The web support platform","description":"D\u00e9couvrez pourquoi Summer est adapt\u00e9 \u00e0 vos projets pour g\u00e9rer le support web avec vos clients et partenaires.","robots":{"index":"index","follow":"follow","max-snippet":"max-snippet:-1","max-image-preview":"max-image-preview:large","max-video-preview":"max-video-preview:-1"},"canonical":"https:\/\/www.summer-app.com\/fr\/","og_locale":"fr_FR","og_type":"article","og_title":"Summer - The web support platform","og_description":"D\u00e9couvrez pourquoi Summer est adapt\u00e9 \u00e0 vos projets pour g\u00e9rer le support web avec vos clients et partenaires.","og_url":"https:\/\/www.summer-app.com\/fr\/","og_site_name":"Summer - The web support platform","article_modified_time":"2025-10-29T14:55:53+00:00","og_image":[{"width":2560,"height":1707,"url":"https:\/\/www.summer-app.com\/wp-content\/uploads\/2025\/10\/summer-customer-support.jpeg","type":"image\/jpeg"}],"twitter_card":"summary_large_image","twitter_misc":{"Dur\u00e9e de lecture estim\u00e9e":"3 minutes"},"schema":{"@context":"https:\/\/schema.org","@graph":[{"@type":"WebPage","@id":"https:\/\/www.summer-app.com\/fr\/","url":"https:\/\/www.summer-app.com\/fr\/","name":"Summer - The web support platform","isPartOf":{"@id":"https:\/\/www.summer-app.com\/fr\/#website"},"primaryImageOfPage":{"@id":"https:\/\/www.summer-app.com\/fr\/#primaryimage"},"image":{"@id":"https:\/\/www.summer-app.com\/fr\/#primaryimage"},"thumbnailUrl":"https:\/\/www.summer-app.com\/wp-content\/uploads\/2025\/10\/summer-customer-support-1024x683.jpeg","datePublished":"2024-09-07T01:25:22+00:00","dateModified":"2025-10-29T14:55:53+00:00","description":"D\u00e9couvrez pourquoi Summer est adapt\u00e9 \u00e0 vos projets pour g\u00e9rer le support web avec vos clients et partenaires.","breadcrumb":{"@id":"https:\/\/www.summer-app.com\/fr\/#breadcrumb"},"inLanguage":"fr-FR","potentialAction":[{"@type":"ReadAction","target":["https:\/\/www.summer-app.com\/fr\/"]}]},{"@type":"ImageObject","inLanguage":"fr-FR","@id":"https:\/\/www.summer-app.com\/fr\/#primaryimage","url":"https:\/\/www.summer-app.com\/wp-content\/uploads\/2025\/10\/summer-customer-support-1024x683.jpeg","contentUrl":"https:\/\/www.summer-app.com\/wp-content\/uploads\/2025\/10\/summer-customer-support-1024x683.jpeg"},{"@type":"BreadcrumbList","@id":"https:\/\/www.summer-app.com\/fr\/#breadcrumb","itemListElement":[{"@type":"ListItem","position":1,"name":"Accueil","item":"https:\/\/www.summer-app.com\/fr\/"},{"@type":"ListItem","position":2,"name":"Accueil"}]},{"@type":"WebSite","@id":"https:\/\/www.summer-app.com\/fr\/#website","url":"https:\/\/www.summer-app.com\/fr\/","name":"Summer - The web support platform","description":"","publisher":{"@id":"https:\/\/www.summer-app.com\/fr\/#organization"},"potentialAction":[{"@type":"SearchAction","target":{"@type":"EntryPoint","urlTemplate":"https:\/\/www.summer-app.com\/fr\/?s={search_term_string}"},"query-input":{"@type":"PropertyValueSpecification","valueRequired":true,"valueName":"search_term_string"}}],"inLanguage":"fr-FR"},{"@type":"Organization","@id":"https:\/\/www.summer-app.com\/fr\/#organization","name":"Summer - The web support platform","url":"https:\/\/www.summer-app.com\/fr\/","logo":{"@type":"ImageObject","inLanguage":"fr-FR","@id":"https:\/\/www.summer-app.com\/fr\/#\/schema\/logo\/image\/","url":"https:\/\/www.summer-app.com\/wp-content\/uploads\/2024\/09\/header-logo.png","contentUrl":"https:\/\/www.summer-app.com\/wp-content\/uploads\/2024\/09\/header-logo.png","width":115,"height":68,"caption":"Summer - The web support platform"},"image":{"@id":"https:\/\/www.summer-app.com\/fr\/#\/schema\/logo\/image\/"}}]}},"_links":{"self":[{"href":"https:\/\/www.summer-app.com\/fr\/wp-json\/wp\/v2\/pages\/23","targetHints":{"allow":["GET"]}}],"collection":[{"href":"https:\/\/www.summer-app.com\/fr\/wp-json\/wp\/v2\/pages"}],"about":[{"href":"https:\/\/www.summer-app.com\/fr\/wp-json\/wp\/v2\/types\/page"}],"author":[{"embeddable":true,"href":"https:\/\/www.summer-app.com\/fr\/wp-json\/wp\/v2\/users\/1"}],"replies":[{"embeddable":true,"href":"https:\/\/www.summer-app.com\/fr\/wp-json\/wp\/v2\/comments?post=23"}],"version-history":[{"count":48,"href":"https:\/\/www.summer-app.com\/fr\/wp-json\/wp\/v2\/pages\/23\/revisions"}],"predecessor-version":[{"id":1314,"href":"https:\/\/www.summer-app.com\/fr\/wp-json\/wp\/v2\/pages\/23\/revisions\/1314"}],"wp:attachment":[{"href":"https:\/\/www.summer-app.com\/fr\/wp-json\/wp\/v2\/media?parent=23"}],"curies":[{"name":"wp","href":"https:\/\/api.w.org\/{rel}","templated":true}]}}