{"id":34,"date":"2024-09-07T04:19:47","date_gmt":"2024-09-07T02:19:47","guid":{"rendered":"https:\/\/www.summer-app.com\/tarification\/"},"modified":"2025-11-07T17:30:06","modified_gmt":"2025-11-07T16:30:06","slug":"tarification","status":"publish","type":"page","link":"https:\/\/www.summer-app.com\/fr\/tarification\/","title":{"rendered":"Tarifs"},"content":{"rendered":"\n<div class=\"wp-block-group has-global-padding is-layout-constrained wp-block-group-is-layout-constrained\">\n<h1 class=\"wp-block-heading has-text-align-center\">Summer Tarifs<\/h1>\n\n\n\n<p class=\"has-text-align-center\">Commencez avec 2 projets et 2 utilisateurs gratuits. Mettez-la \u00e0 niveau \u00e0 tout moment.<br>Ne payez que ce que vous utilisez.<\/p>\n<\/div>\n\n\n\n<figure class=\"wp-block-image alignfull size-full is-style-rounded is-style-rounded--1\"><img decoding=\"async\" src=\"https:\/\/www.summer-app.com\/wp-content\/uploads\/2025\/10\/summerprices.jpg\" alt=\"\" class=\"wp-image-1281\"\/><\/figure>\n\n\n\n<div class=\"wp-block-group alignwide pricing_block has-global-padding is-layout-constrained wp-block-group-is-layout-constrained\">\n<div class=\"wp-block-group pricing_options is-content-justification-center is-nowrap is-layout-flex wp-container-core-group-is-layout-23441af8 wp-block-group-is-layout-flex\">\n<div class=\"wp-block-buttons is-content-justification-center is-layout-flex wp-container-core-buttons-is-layout-a89b3969 wp-block-buttons-is-layout-flex\">\n<div class=\"wp-block-button\"><a class=\"wp-block-button__link wp-element-button\">Annuel<\/a><\/div>\n\n\n\n<div class=\"wp-block-button\"><a class=\"wp-block-button__link wp-element-button\">Mensuel<\/a><\/div>\n<\/div>\n<\/div>\n\n\n\n<p class=\"has-text-align-center\"><em>\u00c9conomisez 25 % avec un plan annuel !<\/em><\/p>\n\n\n\n<div class=\"wp-block-group alignwide has-global-padding is-layout-constrained wp-block-group-is-layout-constrained\">\n<div class=\"wp-block-columns is-layout-flex wp-container-core-columns-is-layout-28f84493 wp-block-columns-is-layout-flex\">\n<div class=\"wp-block-column pricing_item is-layout-flow wp-block-column-is-layout-flow\">\n<h2 class=\"wp-block-heading\">Start<img decoding=\"async\" class=\"wp-image-190\" style=\"width: NaNpx;\" src=\"https:\/\/www.summer-app.com\/wp-content\/uploads\/2024\/09\/like.svg\" alt=\"\"><\/h2>\n\n\n\n<p class=\"pricing_item--decs\">Ce pack comprend: 2 utilisateurs, 2 projets, et 2 Go. Les clients sont gratuits et illimit\u00e9s.<\/p>\n\n\n\n<ul class=\"wp-block-list\">\n<li>2 utilisateurs<\/li>\n\n\n\n<li>2 projets<\/li>\n\n\n\n<li>2 Go de documents<\/li>\n\n\n\n<li>Toutes les fonctions<\/li>\n<\/ul>\n\n\n\n<div class=\"wp-block-group pricing_main has-global-padding is-layout-constrained wp-block-group-is-layout-constrained\">\n<p class=\"pricing yearly\">0 $<\/p>\n\n\n\n<p class=\"pricing monthly\">0 $<\/p>\n\n\n\n<p class=\"pricing_option--choose\">Gratuit pour toujours<\/p>\n<\/div>\n\n\n\n<div class=\"wp-block-buttons is-content-justification-center is-layout-flex wp-container-core-buttons-is-layout-a89b3969 wp-block-buttons-is-layout-flex\">\n<div class=\"wp-block-button\"><a class=\"wp-block-button__link wp-element-button\" href=\"https:\/\/www.summer-app.com\/fr\/lancer-un-compte-gratuit\/\">Lancer un compte gratuit<\/a><\/div>\n<\/div>\n<\/div>\n\n\n\n<div class=\"wp-block-column pricing_item no-button is-layout-flow wp-block-column-is-layout-flow\">\n<h2 class=\"wp-block-heading\">Avanc\u00e9<img decoding=\"async\" class=\"wp-image-192\" style=\"width: NaNpx;\" src=\"https:\/\/www.summer-app.com\/wp-content\/uploads\/2024\/09\/diamond.svg\" alt=\"\"><\/h2>\n\n\n\n<p class=\"pricing_item--decs\">Prix pour chaque Utilisateur \/ Projet \/ Go suppl\u00e9mentaire au-del\u00e0 du pack Start<\/p>\n\n\n\n<ul class=\"wp-block-list\">\n<li>1 utilisateur additionnel<\/li>\n\n\n\n<li>1 projet additionnel<\/li>\n\n\n\n<li>1 Go additionnel<\/li>\n\n\n\n<li>Toutes les fonctions<\/li>\n<\/ul>\n\n\n\n<div class=\"wp-block-group pricing_main has-global-padding is-layout-constrained wp-block-group-is-layout-constrained\">\n<p class=\"pricing yearly\">5,99 $<\/p>\n\n\n\n<p class=\"pricing monthly\">7,99 $<\/p>\n\n\n\n<p class=\"pricing_option--choose\">Prix \/ mois<\/p>\n\n\n\n<p>D\u00e9terminez le nombre d&rsquo;utilisateurs dont vous avez besoin et effectuez votre achat. Votre compte est imm\u00e9diatement disponible.<\/p>\n\n\n\n<p>Envie d&rsquo;un essai&nbsp;? Cr\u00e9ez votre compte gratuit et ajoutez des utilisateurs quand vous le souhaitez.<\/p>\n<\/div>\n<\/div>\n\n\n\n<div class=\"wp-block-column pricing_item is-layout-flow wp-block-column-is-layout-flow\">\n<h2 class=\"wp-block-heading\">Personnalis\u00e9<\/h2>\n\n\n\n<p class=\"pricing_item--decs\">Calculez le co\u00fbt estim\u00e9 pour tous les utilisateurs\/projets\/Go dont vous avez besoin.<\/p>\n\n\n\t<div class=\"personalization_container\">\n\t\t<div class=\"form-group\">\n\t\t\t<input type=\"number\" name=\"users_number\" id=\"users_number\" value=\"3\" min=\"3\" step=\"1\" \/>\n\t\t\t<label for=\"users_number\">users<\/label>\n\t\t<\/div>\n\t\t<div class=\"form-group\">\n\t\t\t<input type=\"number\" name=\"projects_number\" id=\"projects_number\" value=\"3\" min=\"3\" step=\"1\" \/>\n\t\t\t<label for=\"projects_number\">projects<\/label>\n\t\t<\/div>\n\t\t<div class=\"form-group\">\n\t\t\t<input type=\"number\" name=\"projects_number\" id=\"projects_number\" value=\"3\" min=\"3\" step=\"1\" \/>\n\t\t\t<label for=\"projects_number\">Go Documents<\/label>\n\t\t<\/div>\n\t<\/div>\n    \n\n\n\n<div class=\"wp-block-group pricing_main has-global-padding is-layout-constrained wp-block-group-is-layout-constrained\">\n<p class=\"pricing yearly\">5,99 $<\/p>\n\n\n\n<p class=\"pricing monthly\">7,99 $<\/p>\n\n\n\n<p class=\"pricing_option--choose\">Prix \/ mois<\/p>\n<\/div>\n\n\n\n<div class=\"wp-block-buttons is-content-justification-center is-layout-flex wp-container-core-buttons-is-layout-a89b3969 wp-block-buttons-is-layout-flex\">\n<div class=\"wp-block-button\"><a class=\"wp-block-button__link wp-element-button\" href=\"https:\/\/www.summer-app.com\/fr\/chariot\/?add-to-cart=998\">Acheter<\/a><\/div>\n<\/div>\n<\/div>\n<\/div>\n<\/div>\n<\/div>\n","protected":false},"excerpt":{"rendered":"<p>Summer Tarifs Commencez avec 2 projets et 2 utilisateurs gratuits. Mettez-la \u00e0 niveau \u00e0 tout moment.Ne payez que ce que vous utilisez. \u00c9conomisez 25 % avec un plan annuel ! Start Ce pack comprend: 2 utilisateurs, 2 projets, et 2 Go. Les clients sont gratuits et illimit\u00e9s. 0 $ 0 $ Gratuit pour toujours Avanc\u00e9 Prix pour chaque Utilisateur \/ Projet \/ Go suppl\u00e9mentaire au-del\u00e0 du pack Start 5,99 $ 7,99 $ Prix \/ mois D\u00e9terminez le nombre d&rsquo;utilisateurs dont vous avez besoin et effectuez votre achat. Votre compte est imm\u00e9diatement disponible. Envie d&rsquo;un essai&nbsp;? Cr\u00e9ez votre compte gratuit et ajoutez des utilisateurs quand vous le souhaitez. Personnalis\u00e9 Calculez le co\u00fbt estim\u00e9 pour tous les utilisateurs\/projets\/Go dont vous avez besoin. 5,99 $ 7,99 $ Prix \/ mois<\/p>\n","protected":false},"author":1,"featured_media":0,"parent":0,"menu_order":0,"comment_status":"closed","ping_status":"closed","template":"","meta":{"footnotes":""},"class_list":["post-34","page","type-page","status-publish","hentry"],"yoast_head":"<!-- This site is optimized with the Yoast SEO plugin v27.3 - https:\/\/yoast.com\/product\/yoast-seo-wordpress\/ -->\n<title>Tarifs Summer - The web support platform<\/title>\n<meta name=\"description\" content=\"Ne payez que ce que vous utilisez et commencez avec une solution gratuite.\" \/>\n<meta name=\"robots\" content=\"index, follow, max-snippet:-1, max-image-preview:large, max-video-preview:-1\" \/>\n<link rel=\"canonical\" href=\"https:\/\/www.summer-app.com\/fr\/tarification\/\" \/>\n<meta property=\"og:locale\" content=\"fr_FR\" \/>\n<meta property=\"og:type\" content=\"article\" \/>\n<meta property=\"og:title\" content=\"Tarifs Summer - The web support platform\" \/>\n<meta property=\"og:description\" content=\"Ne payez que ce que vous utilisez et commencez avec une solution gratuite.\" \/>\n<meta property=\"og:url\" content=\"https:\/\/www.summer-app.com\/fr\/tarification\/\" \/>\n<meta property=\"og:site_name\" content=\"Summer - The web support platform\" \/>\n<meta property=\"article:modified_time\" content=\"2025-11-07T16:30:06+00:00\" \/>\n<meta name=\"twitter:card\" content=\"summary_large_image\" \/>\n<meta name=\"twitter:label1\" content=\"Dur\u00e9e de lecture estim\u00e9e\" \/>\n\t<meta name=\"twitter:data1\" content=\"2 minutes\" \/>\n<script type=\"application\/ld+json\" class=\"yoast-schema-graph\">{\"@context\":\"https:\\\/\\\/schema.org\",\"@graph\":[{\"@type\":\"WebPage\",\"@id\":\"https:\\\/\\\/www.summer-app.com\\\/fr\\\/tarification\\\/\",\"url\":\"https:\\\/\\\/www.summer-app.com\\\/fr\\\/tarification\\\/\",\"name\":\"Tarifs Summer - The web support platform\",\"isPartOf\":{\"@id\":\"https:\\\/\\\/www.summer-app.com\\\/fr\\\/#website\"},\"primaryImageOfPage\":{\"@id\":\"https:\\\/\\\/www.summer-app.com\\\/fr\\\/tarification\\\/#primaryimage\"},\"image\":{\"@id\":\"https:\\\/\\\/www.summer-app.com\\\/fr\\\/tarification\\\/#primaryimage\"},\"thumbnailUrl\":\"https:\\\/\\\/www.summer-app.com\\\/wp-content\\\/uploads\\\/2025\\\/10\\\/summerprices.jpg\",\"datePublished\":\"2024-09-07T02:19:47+00:00\",\"dateModified\":\"2025-11-07T16:30:06+00:00\",\"description\":\"Ne payez que ce que vous utilisez et commencez avec une solution gratuite.\",\"breadcrumb\":{\"@id\":\"https:\\\/\\\/www.summer-app.com\\\/fr\\\/tarification\\\/#breadcrumb\"},\"inLanguage\":\"fr-FR\",\"potentialAction\":[{\"@type\":\"ReadAction\",\"target\":[\"https:\\\/\\\/www.summer-app.com\\\/fr\\\/tarification\\\/\"]}]},{\"@type\":\"ImageObject\",\"inLanguage\":\"fr-FR\",\"@id\":\"https:\\\/\\\/www.summer-app.com\\\/fr\\\/tarification\\\/#primaryimage\",\"url\":\"https:\\\/\\\/www.summer-app.com\\\/wp-content\\\/uploads\\\/2025\\\/10\\\/summerprices.jpg\",\"contentUrl\":\"https:\\\/\\\/www.summer-app.com\\\/wp-content\\\/uploads\\\/2025\\\/10\\\/summerprices.jpg\"},{\"@type\":\"BreadcrumbList\",\"@id\":\"https:\\\/\\\/www.summer-app.com\\\/fr\\\/tarification\\\/#breadcrumb\",\"itemListElement\":[{\"@type\":\"ListItem\",\"position\":1,\"name\":\"Accueil\",\"item\":\"https:\\\/\\\/www.summer-app.com\\\/fr\\\/\"},{\"@type\":\"ListItem\",\"position\":2,\"name\":\"Tarifs\"}]},{\"@type\":\"WebSite\",\"@id\":\"https:\\\/\\\/www.summer-app.com\\\/fr\\\/#website\",\"url\":\"https:\\\/\\\/www.summer-app.com\\\/fr\\\/\",\"name\":\"Summer - The web support platform\",\"description\":\"\",\"publisher\":{\"@id\":\"https:\\\/\\\/www.summer-app.com\\\/fr\\\/#organization\"},\"potentialAction\":[{\"@type\":\"SearchAction\",\"target\":{\"@type\":\"EntryPoint\",\"urlTemplate\":\"https:\\\/\\\/www.summer-app.com\\\/fr\\\/?s={search_term_string}\"},\"query-input\":{\"@type\":\"PropertyValueSpecification\",\"valueRequired\":true,\"valueName\":\"search_term_string\"}}],\"inLanguage\":\"fr-FR\"},{\"@type\":\"Organization\",\"@id\":\"https:\\\/\\\/www.summer-app.com\\\/fr\\\/#organization\",\"name\":\"Summer - The web support platform\",\"url\":\"https:\\\/\\\/www.summer-app.com\\\/fr\\\/\",\"logo\":{\"@type\":\"ImageObject\",\"inLanguage\":\"fr-FR\",\"@id\":\"https:\\\/\\\/www.summer-app.com\\\/fr\\\/#\\\/schema\\\/logo\\\/image\\\/\",\"url\":\"https:\\\/\\\/www.summer-app.com\\\/wp-content\\\/uploads\\\/2024\\\/09\\\/header-logo.png\",\"contentUrl\":\"https:\\\/\\\/www.summer-app.com\\\/wp-content\\\/uploads\\\/2024\\\/09\\\/header-logo.png\",\"width\":115,\"height\":68,\"caption\":\"Summer - The web support platform\"},\"image\":{\"@id\":\"https:\\\/\\\/www.summer-app.com\\\/fr\\\/#\\\/schema\\\/logo\\\/image\\\/\"}}]}<\/script>\n<!-- \/ Yoast SEO plugin. -->","yoast_head_json":{"title":"Tarifs Summer - The web support platform","description":"Ne payez que ce que vous utilisez et commencez avec une solution gratuite.","robots":{"index":"index","follow":"follow","max-snippet":"max-snippet:-1","max-image-preview":"max-image-preview:large","max-video-preview":"max-video-preview:-1"},"canonical":"https:\/\/www.summer-app.com\/fr\/tarification\/","og_locale":"fr_FR","og_type":"article","og_title":"Tarifs Summer - The web support platform","og_description":"Ne payez que ce que vous utilisez et commencez avec une solution gratuite.","og_url":"https:\/\/www.summer-app.com\/fr\/tarification\/","og_site_name":"Summer - The web support platform","article_modified_time":"2025-11-07T16:30:06+00:00","twitter_card":"summary_large_image","twitter_misc":{"Dur\u00e9e de lecture estim\u00e9e":"2 minutes"},"schema":{"@context":"https:\/\/schema.org","@graph":[{"@type":"WebPage","@id":"https:\/\/www.summer-app.com\/fr\/tarification\/","url":"https:\/\/www.summer-app.com\/fr\/tarification\/","name":"Tarifs Summer - The web support platform","isPartOf":{"@id":"https:\/\/www.summer-app.com\/fr\/#website"},"primaryImageOfPage":{"@id":"https:\/\/www.summer-app.com\/fr\/tarification\/#primaryimage"},"image":{"@id":"https:\/\/www.summer-app.com\/fr\/tarification\/#primaryimage"},"thumbnailUrl":"https:\/\/www.summer-app.com\/wp-content\/uploads\/2025\/10\/summerprices.jpg","datePublished":"2024-09-07T02:19:47+00:00","dateModified":"2025-11-07T16:30:06+00:00","description":"Ne payez que ce que vous utilisez et commencez avec une solution gratuite.","breadcrumb":{"@id":"https:\/\/www.summer-app.com\/fr\/tarification\/#breadcrumb"},"inLanguage":"fr-FR","potentialAction":[{"@type":"ReadAction","target":["https:\/\/www.summer-app.com\/fr\/tarification\/"]}]},{"@type":"ImageObject","inLanguage":"fr-FR","@id":"https:\/\/www.summer-app.com\/fr\/tarification\/#primaryimage","url":"https:\/\/www.summer-app.com\/wp-content\/uploads\/2025\/10\/summerprices.jpg","contentUrl":"https:\/\/www.summer-app.com\/wp-content\/uploads\/2025\/10\/summerprices.jpg"},{"@type":"BreadcrumbList","@id":"https:\/\/www.summer-app.com\/fr\/tarification\/#breadcrumb","itemListElement":[{"@type":"ListItem","position":1,"name":"Accueil","item":"https:\/\/www.summer-app.com\/fr\/"},{"@type":"ListItem","position":2,"name":"Tarifs"}]},{"@type":"WebSite","@id":"https:\/\/www.summer-app.com\/fr\/#website","url":"https:\/\/www.summer-app.com\/fr\/","name":"Summer - The web support platform","description":"","publisher":{"@id":"https:\/\/www.summer-app.com\/fr\/#organization"},"potentialAction":[{"@type":"SearchAction","target":{"@type":"EntryPoint","urlTemplate":"https:\/\/www.summer-app.com\/fr\/?s={search_term_string}"},"query-input":{"@type":"PropertyValueSpecification","valueRequired":true,"valueName":"search_term_string"}}],"inLanguage":"fr-FR"},{"@type":"Organization","@id":"https:\/\/www.summer-app.com\/fr\/#organization","name":"Summer - The web support platform","url":"https:\/\/www.summer-app.com\/fr\/","logo":{"@type":"ImageObject","inLanguage":"fr-FR","@id":"https:\/\/www.summer-app.com\/fr\/#\/schema\/logo\/image\/","url":"https:\/\/www.summer-app.com\/wp-content\/uploads\/2024\/09\/header-logo.png","contentUrl":"https:\/\/www.summer-app.com\/wp-content\/uploads\/2024\/09\/header-logo.png","width":115,"height":68,"caption":"Summer - The web support platform"},"image":{"@id":"https:\/\/www.summer-app.com\/fr\/#\/schema\/logo\/image\/"}}]}},"_links":{"self":[{"href":"https:\/\/www.summer-app.com\/fr\/wp-json\/wp\/v2\/pages\/34","targetHints":{"allow":["GET"]}}],"collection":[{"href":"https:\/\/www.summer-app.com\/fr\/wp-json\/wp\/v2\/pages"}],"about":[{"href":"https:\/\/www.summer-app.com\/fr\/wp-json\/wp\/v2\/types\/page"}],"author":[{"embeddable":true,"href":"https:\/\/www.summer-app.com\/fr\/wp-json\/wp\/v2\/users\/1"}],"replies":[{"embeddable":true,"href":"https:\/\/www.summer-app.com\/fr\/wp-json\/wp\/v2\/comments?post=34"}],"version-history":[{"count":19,"href":"https:\/\/www.summer-app.com\/fr\/wp-json\/wp\/v2\/pages\/34\/revisions"}],"predecessor-version":[{"id":1395,"href":"https:\/\/www.summer-app.com\/fr\/wp-json\/wp\/v2\/pages\/34\/revisions\/1395"}],"wp:attachment":[{"href":"https:\/\/www.summer-app.com\/fr\/wp-json\/wp\/v2\/media?parent=34"}],"curies":[{"name":"wp","href":"https:\/\/api.w.org\/{rel}","templated":true}]}}