{"id":42,"date":"2024-09-07T04:20:11","date_gmt":"2024-09-07T02:20:11","guid":{"rendered":"https:\/\/www.summer-app.com\/contact\/"},"modified":"2025-04-03T15:38:20","modified_gmt":"2025-04-03T13:38:20","slug":"contact","status":"publish","type":"page","link":"https:\/\/www.summer-app.com\/fr\/contact\/","title":{"rendered":"Contact"},"content":{"rendered":"\n<div class=\"wp-block-group has-global-padding is-layout-constrained wp-block-group-is-layout-constrained\">\n<h1 class=\"wp-block-heading has-text-align-center\">Contactez nous<\/h1>\n\n\n\n<p class=\"has-text-align-center\">La Summer Team se tient pr\u00eate \u00e0 intervenir<\/p>\n<\/div>\n\n\n\n<figure class=\"wp-block-image alignfull size-full is-style-rounded is-style-rounded--1\"><img decoding=\"async\" width=\"1419\" height=\"358\" src=\"https:\/\/www.summer-app.com\/wp-content\/uploads\/2025\/01\/contact-header.png\" alt=\"\" class=\"wp-image-416\" srcset=\"https:\/\/www.summer-app.com\/wp-content\/uploads\/2025\/01\/contact-header.png 1419w, https:\/\/www.summer-app.com\/wp-content\/uploads\/2025\/01\/contact-header-300x76.png 300w, https:\/\/www.summer-app.com\/wp-content\/uploads\/2025\/01\/contact-header-1024x258.png 1024w, https:\/\/www.summer-app.com\/wp-content\/uploads\/2025\/01\/contact-header-768x194.png 768w, https:\/\/www.summer-app.com\/wp-content\/uploads\/2025\/01\/contact-header-600x151.png 600w\" sizes=\"(max-width: 1419px) 100vw, 1419px\" \/><\/figure>\n\n\n\n<div class=\"wp-block-columns are-vertically-aligned-center is-layout-flex wp-container-core-columns-is-layout-28f84493 wp-block-columns-is-layout-flex\">\n<div class=\"wp-block-column is-vertically-aligned-center is-layout-flow wp-block-column-is-layout-flow\">\n<figure class=\"wp-block-image size-full is-style-rounded hidden-sm is-style-rounded--2\"><img decoding=\"async\" width=\"2560\" height=\"1707\" src=\"https:\/\/www.summer-app.com\/wp-content\/uploads\/2025\/01\/summer-contact-scaled.jpeg\" alt=\"\" class=\"wp-image-412\" srcset=\"https:\/\/www.summer-app.com\/wp-content\/uploads\/2025\/01\/summer-contact-scaled.jpeg 2560w, https:\/\/www.summer-app.com\/wp-content\/uploads\/2025\/01\/summer-contact-300x200.jpeg 300w, https:\/\/www.summer-app.com\/wp-content\/uploads\/2025\/01\/summer-contact-1024x683.jpeg 1024w, https:\/\/www.summer-app.com\/wp-content\/uploads\/2025\/01\/summer-contact-768x512.jpeg 768w, https:\/\/www.summer-app.com\/wp-content\/uploads\/2025\/01\/summer-contact-1536x1024.jpeg 1536w, https:\/\/www.summer-app.com\/wp-content\/uploads\/2025\/01\/summer-contact-2048x1366.jpeg 2048w, https:\/\/www.summer-app.com\/wp-content\/uploads\/2025\/01\/summer-contact-600x400.jpeg 600w\" sizes=\"(max-width: 2560px) 100vw, 2560px\" \/><\/figure>\n\n\n\n<div class=\"wp-block-buttons is-layout-flex wp-block-buttons-is-layout-flex\"><\/div>\n<\/div>\n\n\n\n<div class=\"wp-block-column is-vertically-aligned-center is-layout-flow wp-block-column-is-layout-flow\">\n<h2 class=\"wp-block-heading\">Prenons contact !<\/h2>\n\n\n\n<p>Vous avez besoin de plus d&rsquo;informations avant de prendre une d\u00e9cision\u00a0? Il vous suffit de remplir le formulaire et un membre de notre \u00e9quipe vous contactera.<\/p>\n\n\n\n<div class=\"wp-block-contact-form-7-contact-form-selector\">\n<div class=\"wpcf7 no-js\" id=\"wpcf7-f25-o1\" lang=\"fr-FR\" dir=\"ltr\" data-wpcf7-id=\"25\">\n<div class=\"screen-reader-response\"><p role=\"status\" aria-live=\"polite\" aria-atomic=\"true\"><\/p> <ul><\/ul><\/div>\n<form action=\"\/fr\/wp-json\/wp\/v2\/pages\/42#wpcf7-f25-o1\" method=\"post\" class=\"wpcf7-form init\" aria-label=\"Formulaire de contact\" novalidate=\"novalidate\" data-status=\"init\">\n<fieldset class=\"hidden-fields-container\"><input type=\"hidden\" name=\"_wpcf7\" value=\"25\" \/><input type=\"hidden\" name=\"_wpcf7_version\" value=\"6.1.5\" \/><input type=\"hidden\" name=\"_wpcf7_locale\" value=\"fr_FR\" \/><input type=\"hidden\" name=\"_wpcf7_unit_tag\" value=\"wpcf7-f25-o1\" \/><input type=\"hidden\" name=\"_wpcf7_container_post\" value=\"0\" \/><input type=\"hidden\" name=\"_wpcf7_posted_data_hash\" value=\"\" \/>\n<\/fieldset>\n<div class=\"wpcf7-turnstile cf-turnstile\" data-sitekey=\"0x4AAAAAAB4NNqXmv00ls7m_\" data-response-field-name=\"_wpcf7_turnstile_response\"><\/div>\n\n<div class=\"row\">\n\t<div class=\"col-6\">\n\t\t<div class=\"form-group\">\n\t\t\t<p><label>Nom<\/label><span class=\"wpcf7-form-control-wrap\" data-name=\"surname\"><input size=\"40\" maxlength=\"400\" class=\"wpcf7-form-control wpcf7-text wpcf7-validates-as-required text-control\" aria-required=\"true\" aria-invalid=\"false\" placeholder=\"ex : Smith\" value=\"\" type=\"text\" name=\"surname\" \/><\/span>\n\t\t\t<\/p>\n\t\t<\/div>\n\t<\/div>\n\t<div class=\"col-6\">\n\t\t<div class=\"form-group\">\n\t\t\t<p><label>Pr\u00e9nom<\/label><span class=\"wpcf7-form-control-wrap\" data-name=\"firstname\"><input size=\"40\" maxlength=\"400\" class=\"wpcf7-form-control wpcf7-text text-control\" aria-invalid=\"false\" placeholder=\"ex : Jacob\" value=\"\" type=\"text\" name=\"firstname\" \/><\/span>\n\t\t\t<\/p>\n\t\t<\/div>\n\t<\/div>\n<\/div>\n<div class=\"row\">\n\t<div class=\"col-6\">\n\t\t<div class=\"form-group\">\n\t\t\t<p><label>Votre adresse mail*<\/label><span class=\"wpcf7-form-control-wrap\" data-name=\"your-email\"><input size=\"40\" maxlength=\"400\" class=\"wpcf7-form-control wpcf7-email wpcf7-validates-as-required wpcf7-text wpcf7-validates-as-email text-control\" aria-required=\"true\" aria-invalid=\"false\" placeholder=\"ex : smith.jacob@gmail.com\" value=\"\" type=\"email\" name=\"your-email\" \/><\/span>\n\t\t\t<\/p>\n\t\t<\/div>\n\t<\/div>\n\t<div class=\"col-6\">\n\t\t<div class=\"form-group\">\n\t\t\t<p><label>Votre num\u00e9ro de t\u00e9l\u00e9phone<\/label><span class=\"wpcf7-form-control-wrap\" data-name=\"tel\"><input size=\"40\" maxlength=\"400\" class=\"wpcf7-form-control wpcf7-tel wpcf7-text wpcf7-validates-as-tel text-control\" aria-invalid=\"false\" placeholder=\"ex : +1(555) 123 - 4567\" value=\"\" type=\"tel\" name=\"tel\" \/><\/span>\n\t\t\t<\/p>\n\t\t<\/div>\n\t<\/div>\n<\/div>\n<div class=\"row\">\n\t<div class=\"col-12\">\n\t\t<div class=\"form-group\">\n\t\t\t<p><label>Votre sujet*<\/label><span class=\"wpcf7-form-control-wrap\" data-name=\"subject\"><input size=\"40\" maxlength=\"400\" class=\"wpcf7-form-control wpcf7-text wpcf7-validates-as-required text-control\" aria-required=\"true\" aria-invalid=\"false\" placeholder=\"Demandez un prix\" value=\"\" type=\"text\" name=\"subject\" \/><\/span>\n\t\t\t<\/p>\n\t\t<\/div>\n\t<\/div>\n<\/div>\n<div class=\"row\">\n\t<div class=\"col-12\">\n\t\t<div class=\"form-group\">\n\t\t\t<p><label>Votre message*<\/label><span class=\"wpcf7-form-control-wrap\" data-name=\"message\"><textarea cols=\"40\" rows=\"10\" maxlength=\"2000\" class=\"wpcf7-form-control wpcf7-textarea wpcf7-validates-as-required text-control\" aria-required=\"true\" aria-invalid=\"false\" placeholder=\"Bonjour,\" name=\"message\"><\/textarea><\/span>\n\t\t\t<\/p>\n\t\t<\/div>\n\t<\/div>\n<\/div>\n<div class=\"row\">\n\t<div class=\"col-12\">\n\t\t<div class=\"form-group\" style=\"text-align: center;\">\n\t\t\t<p><input class=\"wpcf7-form-control wpcf7-submit has-spinner\" type=\"submit\" value=\"Envoyer\" \/>\n\t\t\t<\/p>\n\t\t<\/div>\n\t<\/div>\n<\/div><div class=\"wpcf7-response-output\" aria-hidden=\"true\"><\/div>\n<\/form>\n<\/div>\n<\/div>\n\n\n\n<div style=\"height:25px\" aria-hidden=\"true\" class=\"wp-block-spacer\"><\/div>\n<\/div>\n<\/div>\n","protected":false},"excerpt":{"rendered":"<p>Contactez nous La Summer Team se tient pr\u00eate \u00e0 intervenir Prenons contact ! Vous avez besoin de plus d&rsquo;informations avant de prendre une d\u00e9cision\u00a0? Il vous suffit de remplir le formulaire et un membre de notre \u00e9quipe vous contactera.<\/p>\n","protected":false},"author":1,"featured_media":0,"parent":0,"menu_order":0,"comment_status":"closed","ping_status":"closed","template":"","meta":{"footnotes":""},"class_list":["post-42","page","type-page","status-publish","hentry"],"yoast_head":"<!-- This site is optimized with the Yoast SEO plugin v27.3 - https:\/\/yoast.com\/product\/yoast-seo-wordpress\/ -->\n<title>Contact - Summer - The web support platform<\/title>\n<meta name=\"description\" content=\"Contactez le Summer Support Team pour vous aider.\" \/>\n<meta name=\"robots\" content=\"index, follow, max-snippet:-1, max-image-preview:large, max-video-preview:-1\" \/>\n<link rel=\"canonical\" href=\"https:\/\/www.summer-app.com\/fr\/contact\/\" \/>\n<meta property=\"og:locale\" content=\"fr_FR\" \/>\n<meta property=\"og:type\" content=\"article\" \/>\n<meta property=\"og:title\" content=\"Contact - Summer - The web support platform\" \/>\n<meta property=\"og:description\" content=\"Contactez le Summer Support Team pour vous aider.\" \/>\n<meta property=\"og:url\" content=\"https:\/\/www.summer-app.com\/fr\/contact\/\" \/>\n<meta property=\"og:site_name\" content=\"Summer - The web support platform\" \/>\n<meta property=\"article:modified_time\" content=\"2025-04-03T13:38:20+00:00\" \/>\n<meta property=\"og:image\" content=\"https:\/\/www.summer-app.com\/wp-content\/uploads\/2025\/01\/contact-header.png\" \/>\n<meta name=\"twitter:card\" content=\"summary_large_image\" \/>\n<meta name=\"twitter:label1\" content=\"Dur\u00e9e de lecture estim\u00e9e\" \/>\n\t<meta name=\"twitter:data1\" content=\"1 minute\" \/>\n<script type=\"application\/ld+json\" class=\"yoast-schema-graph\">{\"@context\":\"https:\\\/\\\/schema.org\",\"@graph\":[{\"@type\":\"WebPage\",\"@id\":\"https:\\\/\\\/www.summer-app.com\\\/fr\\\/contact\\\/\",\"url\":\"https:\\\/\\\/www.summer-app.com\\\/fr\\\/contact\\\/\",\"name\":\"Contact - Summer - The web support platform\",\"isPartOf\":{\"@id\":\"https:\\\/\\\/www.summer-app.com\\\/fr\\\/#website\"},\"primaryImageOfPage\":{\"@id\":\"https:\\\/\\\/www.summer-app.com\\\/fr\\\/contact\\\/#primaryimage\"},\"image\":{\"@id\":\"https:\\\/\\\/www.summer-app.com\\\/fr\\\/contact\\\/#primaryimage\"},\"thumbnailUrl\":\"https:\\\/\\\/www.summer-app.com\\\/wp-content\\\/uploads\\\/2025\\\/01\\\/contact-header.png\",\"datePublished\":\"2024-09-07T02:20:11+00:00\",\"dateModified\":\"2025-04-03T13:38:20+00:00\",\"description\":\"Contactez le Summer Support Team pour vous aider.\",\"breadcrumb\":{\"@id\":\"https:\\\/\\\/www.summer-app.com\\\/fr\\\/contact\\\/#breadcrumb\"},\"inLanguage\":\"fr-FR\",\"potentialAction\":[{\"@type\":\"ReadAction\",\"target\":[\"https:\\\/\\\/www.summer-app.com\\\/fr\\\/contact\\\/\"]}]},{\"@type\":\"ImageObject\",\"inLanguage\":\"fr-FR\",\"@id\":\"https:\\\/\\\/www.summer-app.com\\\/fr\\\/contact\\\/#primaryimage\",\"url\":\"https:\\\/\\\/www.summer-app.com\\\/wp-content\\\/uploads\\\/2025\\\/01\\\/contact-header.png\",\"contentUrl\":\"https:\\\/\\\/www.summer-app.com\\\/wp-content\\\/uploads\\\/2025\\\/01\\\/contact-header.png\"},{\"@type\":\"BreadcrumbList\",\"@id\":\"https:\\\/\\\/www.summer-app.com\\\/fr\\\/contact\\\/#breadcrumb\",\"itemListElement\":[{\"@type\":\"ListItem\",\"position\":1,\"name\":\"Accueil\",\"item\":\"https:\\\/\\\/www.summer-app.com\\\/fr\\\/\"},{\"@type\":\"ListItem\",\"position\":2,\"name\":\"Contact\"}]},{\"@type\":\"WebSite\",\"@id\":\"https:\\\/\\\/www.summer-app.com\\\/fr\\\/#website\",\"url\":\"https:\\\/\\\/www.summer-app.com\\\/fr\\\/\",\"name\":\"Summer - The web support platform\",\"description\":\"\",\"publisher\":{\"@id\":\"https:\\\/\\\/www.summer-app.com\\\/fr\\\/#organization\"},\"potentialAction\":[{\"@type\":\"SearchAction\",\"target\":{\"@type\":\"EntryPoint\",\"urlTemplate\":\"https:\\\/\\\/www.summer-app.com\\\/fr\\\/?s={search_term_string}\"},\"query-input\":{\"@type\":\"PropertyValueSpecification\",\"valueRequired\":true,\"valueName\":\"search_term_string\"}}],\"inLanguage\":\"fr-FR\"},{\"@type\":\"Organization\",\"@id\":\"https:\\\/\\\/www.summer-app.com\\\/fr\\\/#organization\",\"name\":\"Summer - The web support platform\",\"url\":\"https:\\\/\\\/www.summer-app.com\\\/fr\\\/\",\"logo\":{\"@type\":\"ImageObject\",\"inLanguage\":\"fr-FR\",\"@id\":\"https:\\\/\\\/www.summer-app.com\\\/fr\\\/#\\\/schema\\\/logo\\\/image\\\/\",\"url\":\"https:\\\/\\\/www.summer-app.com\\\/wp-content\\\/uploads\\\/2024\\\/09\\\/header-logo.png\",\"contentUrl\":\"https:\\\/\\\/www.summer-app.com\\\/wp-content\\\/uploads\\\/2024\\\/09\\\/header-logo.png\",\"width\":115,\"height\":68,\"caption\":\"Summer - The web support platform\"},\"image\":{\"@id\":\"https:\\\/\\\/www.summer-app.com\\\/fr\\\/#\\\/schema\\\/logo\\\/image\\\/\"}}]}<\/script>\n<!-- \/ Yoast SEO plugin. -->","yoast_head_json":{"title":"Contact - Summer - The web support platform","description":"Contactez le Summer Support Team pour vous aider.","robots":{"index":"index","follow":"follow","max-snippet":"max-snippet:-1","max-image-preview":"max-image-preview:large","max-video-preview":"max-video-preview:-1"},"canonical":"https:\/\/www.summer-app.com\/fr\/contact\/","og_locale":"fr_FR","og_type":"article","og_title":"Contact - Summer - The web support platform","og_description":"Contactez le Summer Support Team pour vous aider.","og_url":"https:\/\/www.summer-app.com\/fr\/contact\/","og_site_name":"Summer - The web support platform","article_modified_time":"2025-04-03T13:38:20+00:00","og_image":[{"url":"https:\/\/www.summer-app.com\/wp-content\/uploads\/2025\/01\/contact-header.png","type":"","width":"","height":""}],"twitter_card":"summary_large_image","twitter_misc":{"Dur\u00e9e de lecture estim\u00e9e":"1 minute"},"schema":{"@context":"https:\/\/schema.org","@graph":[{"@type":"WebPage","@id":"https:\/\/www.summer-app.com\/fr\/contact\/","url":"https:\/\/www.summer-app.com\/fr\/contact\/","name":"Contact - Summer - The web support platform","isPartOf":{"@id":"https:\/\/www.summer-app.com\/fr\/#website"},"primaryImageOfPage":{"@id":"https:\/\/www.summer-app.com\/fr\/contact\/#primaryimage"},"image":{"@id":"https:\/\/www.summer-app.com\/fr\/contact\/#primaryimage"},"thumbnailUrl":"https:\/\/www.summer-app.com\/wp-content\/uploads\/2025\/01\/contact-header.png","datePublished":"2024-09-07T02:20:11+00:00","dateModified":"2025-04-03T13:38:20+00:00","description":"Contactez le Summer Support Team pour vous aider.","breadcrumb":{"@id":"https:\/\/www.summer-app.com\/fr\/contact\/#breadcrumb"},"inLanguage":"fr-FR","potentialAction":[{"@type":"ReadAction","target":["https:\/\/www.summer-app.com\/fr\/contact\/"]}]},{"@type":"ImageObject","inLanguage":"fr-FR","@id":"https:\/\/www.summer-app.com\/fr\/contact\/#primaryimage","url":"https:\/\/www.summer-app.com\/wp-content\/uploads\/2025\/01\/contact-header.png","contentUrl":"https:\/\/www.summer-app.com\/wp-content\/uploads\/2025\/01\/contact-header.png"},{"@type":"BreadcrumbList","@id":"https:\/\/www.summer-app.com\/fr\/contact\/#breadcrumb","itemListElement":[{"@type":"ListItem","position":1,"name":"Accueil","item":"https:\/\/www.summer-app.com\/fr\/"},{"@type":"ListItem","position":2,"name":"Contact"}]},{"@type":"WebSite","@id":"https:\/\/www.summer-app.com\/fr\/#website","url":"https:\/\/www.summer-app.com\/fr\/","name":"Summer - The web support platform","description":"","publisher":{"@id":"https:\/\/www.summer-app.com\/fr\/#organization"},"potentialAction":[{"@type":"SearchAction","target":{"@type":"EntryPoint","urlTemplate":"https:\/\/www.summer-app.com\/fr\/?s={search_term_string}"},"query-input":{"@type":"PropertyValueSpecification","valueRequired":true,"valueName":"search_term_string"}}],"inLanguage":"fr-FR"},{"@type":"Organization","@id":"https:\/\/www.summer-app.com\/fr\/#organization","name":"Summer - The web support platform","url":"https:\/\/www.summer-app.com\/fr\/","logo":{"@type":"ImageObject","inLanguage":"fr-FR","@id":"https:\/\/www.summer-app.com\/fr\/#\/schema\/logo\/image\/","url":"https:\/\/www.summer-app.com\/wp-content\/uploads\/2024\/09\/header-logo.png","contentUrl":"https:\/\/www.summer-app.com\/wp-content\/uploads\/2024\/09\/header-logo.png","width":115,"height":68,"caption":"Summer - The web support platform"},"image":{"@id":"https:\/\/www.summer-app.com\/fr\/#\/schema\/logo\/image\/"}}]}},"_links":{"self":[{"href":"https:\/\/www.summer-app.com\/fr\/wp-json\/wp\/v2\/pages\/42","targetHints":{"allow":["GET"]}}],"collection":[{"href":"https:\/\/www.summer-app.com\/fr\/wp-json\/wp\/v2\/pages"}],"about":[{"href":"https:\/\/www.summer-app.com\/fr\/wp-json\/wp\/v2\/types\/page"}],"author":[{"embeddable":true,"href":"https:\/\/www.summer-app.com\/fr\/wp-json\/wp\/v2\/users\/1"}],"replies":[{"embeddable":true,"href":"https:\/\/www.summer-app.com\/fr\/wp-json\/wp\/v2\/comments?post=42"}],"version-history":[{"count":9,"href":"https:\/\/www.summer-app.com\/fr\/wp-json\/wp\/v2\/pages\/42\/revisions"}],"predecessor-version":[{"id":889,"href":"https:\/\/www.summer-app.com\/fr\/wp-json\/wp\/v2\/pages\/42\/revisions\/889"}],"wp:attachment":[{"href":"https:\/\/www.summer-app.com\/fr\/wp-json\/wp\/v2\/media?parent=42"}],"curies":[{"name":"wp","href":"https:\/\/api.w.org\/{rel}","templated":true}]}}