{"id":463,"date":"2024-12-18T08:17:20","date_gmt":"2024-12-18T07:17:20","guid":{"rendered":"https:\/\/www.summer-app.com\/lancer-un-compte-gratuit\/"},"modified":"2025-10-27T22:42:22","modified_gmt":"2025-10-27T21:42:22","slug":"lancer-un-compte-gratuit","status":"publish","type":"page","link":"https:\/\/www.summer-app.com\/fr\/lancer-un-compte-gratuit\/","title":{"rendered":"Lancer un compte gratuit"},"content":{"rendered":"\n<div class=\"wp-block-group has-global-padding is-layout-constrained wp-block-group-is-layout-constrained\">\n<h1 class=\"wp-block-heading has-text-align-center\">Lancez votre compte Summer<\/h1>\n\n\n\n<p class=\"has-text-align-center\">Pour commencer, c&rsquo;est simple comme 1, 2, 3, Soleil.<\/p>\n<\/div>\n\n\n\n<figure class=\"wp-block-image alignfull size-full is-style-rounded is-style-rounded--1\"><img decoding=\"async\" width=\"1419\" height=\"358\" src=\"https:\/\/www.summer-app.com\/wp-content\/uploads\/2025\/10\/summer-launch.png\" alt=\"\" class=\"wp-image-1285\" srcset=\"https:\/\/www.summer-app.com\/wp-content\/uploads\/2025\/10\/summer-launch.png 1419w, https:\/\/www.summer-app.com\/wp-content\/uploads\/2025\/10\/summer-launch-300x76.png 300w, https:\/\/www.summer-app.com\/wp-content\/uploads\/2025\/10\/summer-launch-1024x258.png 1024w, https:\/\/www.summer-app.com\/wp-content\/uploads\/2025\/10\/summer-launch-768x194.png 768w, https:\/\/www.summer-app.com\/wp-content\/uploads\/2025\/10\/summer-launch-600x151.png 600w\" sizes=\"(max-width: 1419px) 100vw, 1419px\" \/><\/figure>\n\n\n\n<div class=\"wp-block-columns are-vertically-aligned-center is-layout-flex wp-container-core-columns-is-layout-28f84493 wp-block-columns-is-layout-flex\">\n<div class=\"wp-block-column is-vertically-aligned-center is-layout-flow wp-block-column-is-layout-flow\">\n<h2 class=\"wp-block-heading\">Pr\u00e9parez votre Summer<\/h2>\n\n\n\n<p><strong>Si vous \u00eates comme nous, nous aimons planifier l&rsquo;\u00e9t\u00e9. Nous parlons bien s\u00fbr de l&rsquo;abonnement au Plan Summer&nbsp;! Il vous suffit de calculer le co\u00fbt total pour tous les utilisateurs\/projets\/Go en fonction de vos besoins.  <\/strong><\/p>\n\n\n\n<p>Le prix est calcul\u00e9 sur la base de chaque utilisateur\/projet\/Go suppl\u00e9mentaire par rapport \u00e0 l&rsquo;offre de base qui comprend 2 utilisateurs, 2 projets et 2 Go. Les utilisateurs comptent uniquement pour votre \u00e9quipe. Les clients sont gratuits et illimit\u00e9s.<\/p>\n\n\n\n<p>Vous n&rsquo;\u00eates pas s\u00fbr de vos besoins exacts&nbsp;? Cr\u00e9ez un <strong>compte gratuit<\/strong>, puis d\u00e9veloppez au fur et \u00e0 mesure. Ne payez que ce que vous utilisez.<\/p>\n\n\n\n<div class=\"wp-block-buttons is-content-justification-right is-layout-flex wp-container-core-buttons-is-layout-d445cf74 wp-block-buttons-is-layout-flex\">\n<div class=\"wp-block-button\"><a class=\"wp-block-button__link wp-element-button\" href=\"https:\/\/www.summer-app.com\/fr\/chariot\/?add-to-cart=436\" rel=\"nofollow\">Lancer un compte gratuit<\/a><\/div>\n<\/div>\n<\/div>\n\n\n\n<div class=\"wp-block-column is-vertically-aligned-center pricing_item is-layout-flow wp-block-column-is-layout-flow\">\n<div class=\"wp-block-group personalization_wrapper has-global-padding is-layout-constrained wp-block-group-is-layout-constrained\">\n<div class=\"wp-block-group pricing_options is-content-justification-center is-nowrap is-layout-flex wp-container-core-group-is-layout-23441af8 wp-block-group-is-layout-flex\">\n<div class=\"wp-block-buttons is-content-justification-center is-layout-flex wp-container-core-buttons-is-layout-a89b3969 wp-block-buttons-is-layout-flex\">\n<div class=\"wp-block-button\"><a class=\"wp-block-button__link wp-element-button\">Annuel<\/a><\/div>\n\n\n\n<div class=\"wp-block-button\"><a class=\"wp-block-button__link wp-element-button\">Mensuel<\/a><\/div>\n<\/div>\n<\/div>\n\n\n\n<p class=\"has-text-align-center\"><em>\u00c9conomisez 25 % avec un plan annuel&nbsp;!<\/em><\/p>\n\n\n\t<div class=\"personalization_container\">\n\t\t<div class=\"form-group\">\n\t\t\t<input type=\"number\" name=\"users_number\" id=\"users_number\" value=\"3\" min=\"3\" step=\"1\" \/>\n\t\t\t<label for=\"users_number\">users<\/label>\n\t\t<\/div>\n\t\t<div class=\"form-group\">\n\t\t\t<input type=\"number\" name=\"projects_number\" id=\"projects_number\" value=\"3\" min=\"3\" step=\"1\" \/>\n\t\t\t<label for=\"projects_number\">projects<\/label>\n\t\t<\/div>\n\t\t<div class=\"form-group\">\n\t\t\t<input type=\"number\" name=\"projects_number\" id=\"projects_number\" value=\"3\" min=\"3\" step=\"1\" \/>\n\t\t\t<label for=\"projects_number\">Go Documents<\/label>\n\t\t<\/div>\n\t<\/div>\n    \n\n\n\n<p>Total :<\/p>\n\n\n\n<div class=\"wp-block-group pricing_main has-global-padding is-layout-constrained wp-block-group-is-layout-constrained\">\n<p class=\"pricing yearly\">5,99 $<\/p>\n\n\n\n<p class=\"pricing monthly\">7,99 $<\/p>\n\n\n\n<p class=\"pricing_option--choose\">Prix \/ mois<\/p>\n<\/div>\n\n\n\n<div class=\"wp-block-buttons is-content-justification-right is-layout-flex wp-container-core-buttons-is-layout-d445cf74 wp-block-buttons-is-layout-flex\">\n<div class=\"wp-block-button\"><a class=\"wp-block-button__link wp-element-button\" href=\"https:\/\/www.summer-app.com\/fr\/chariot\/?add-to-cart=998\" rel=\"nofollow\">Acheter<\/a><\/div>\n<\/div>\n<\/div>\n<\/div>\n<\/div>\n\n\n\n<p><\/p>\n","protected":false},"excerpt":{"rendered":"<p>Lancez votre compte Summer Pour commencer, c&rsquo;est simple comme 1, 2, 3, Soleil. Pr\u00e9parez votre Summer Si vous \u00eates comme nous, nous aimons planifier l&rsquo;\u00e9t\u00e9. Nous parlons bien s\u00fbr de l&rsquo;abonnement au Plan Summer&nbsp;! Il vous suffit de calculer le co\u00fbt total pour tous les utilisateurs\/projets\/Go en fonction de vos besoins. Le prix est calcul\u00e9 sur la base de chaque utilisateur\/projet\/Go suppl\u00e9mentaire par rapport \u00e0 l&rsquo;offre de base qui comprend 2 utilisateurs, 2 projets et 2 Go. Les utilisateurs comptent uniquement pour votre \u00e9quipe. Les clients sont gratuits et illimit\u00e9s. Vous n&rsquo;\u00eates pas s\u00fbr de vos besoins exacts&nbsp;? Cr\u00e9ez un compte gratuit, puis d\u00e9veloppez au fur et \u00e0 mesure. Ne payez que ce que vous utilisez. \u00c9conomisez 25 % avec un plan annuel&nbsp;! Total : 5,99 $ 7,99 $ Prix \/ mois<\/p>\n","protected":false},"author":1,"featured_media":0,"parent":0,"menu_order":0,"comment_status":"closed","ping_status":"closed","template":"","meta":{"footnotes":""},"class_list":["post-463","page","type-page","status-publish","hentry"],"yoast_head":"<!-- This site is optimized with the Yoast SEO plugin v27.3 - https:\/\/yoast.com\/product\/yoast-seo-wordpress\/ -->\n<title>Lancer un compte gratuit - Summer - The web support platform<\/title>\n<meta name=\"robots\" content=\"index, follow, max-snippet:-1, max-image-preview:large, max-video-preview:-1\" \/>\n<link rel=\"canonical\" href=\"https:\/\/www.summer-app.com\/fr\/lancer-un-compte-gratuit\/\" \/>\n<meta property=\"og:locale\" content=\"fr_FR\" \/>\n<meta property=\"og:type\" content=\"article\" \/>\n<meta property=\"og:title\" content=\"Lancer un compte gratuit - Summer - The web support platform\" \/>\n<meta property=\"og:description\" content=\"Lancez votre compte Summer Pour commencer, c&rsquo;est simple comme 1, 2, 3, Soleil. Pr\u00e9parez votre Summer Si vous \u00eates comme nous, nous aimons planifier l&rsquo;\u00e9t\u00e9. Nous parlons bien s\u00fbr de l&rsquo;abonnement au Plan Summer&nbsp;! Il vous suffit de calculer le co\u00fbt total pour tous les utilisateurs\/projets\/Go en fonction de vos besoins. Le prix est calcul\u00e9 sur la base de chaque utilisateur\/projet\/Go suppl\u00e9mentaire par rapport \u00e0 l&rsquo;offre de base qui comprend 2 utilisateurs, 2 projets et 2 Go. Les utilisateurs comptent uniquement pour votre \u00e9quipe. Les clients sont gratuits et illimit\u00e9s. Vous n&rsquo;\u00eates pas s\u00fbr de vos besoins exacts&nbsp;? Cr\u00e9ez un compte gratuit, puis d\u00e9veloppez au fur et \u00e0 mesure. Ne payez que ce que vous utilisez. \u00c9conomisez 25 % avec un plan annuel&nbsp;! Total : 5,99 $ 7,99 $ Prix \/ mois\" \/>\n<meta property=\"og:url\" content=\"https:\/\/www.summer-app.com\/fr\/lancer-un-compte-gratuit\/\" \/>\n<meta property=\"og:site_name\" content=\"Summer - The web support platform\" \/>\n<meta property=\"article:modified_time\" content=\"2025-10-27T21:42:22+00:00\" \/>\n<meta property=\"og:image\" content=\"https:\/\/www.summer-app.com\/wp-content\/uploads\/2025\/10\/summer-launch.png\" \/>\n\t<meta property=\"og:image:width\" content=\"1419\" \/>\n\t<meta property=\"og:image:height\" content=\"358\" \/>\n\t<meta property=\"og:image:type\" content=\"image\/png\" \/>\n<meta name=\"twitter:card\" content=\"summary_large_image\" \/>\n<meta name=\"twitter:label1\" content=\"Dur\u00e9e de lecture estim\u00e9e\" \/>\n\t<meta name=\"twitter:data1\" content=\"1 minute\" \/>\n<script type=\"application\/ld+json\" class=\"yoast-schema-graph\">{\"@context\":\"https:\\\/\\\/schema.org\",\"@graph\":[{\"@type\":\"WebPage\",\"@id\":\"https:\\\/\\\/www.summer-app.com\\\/fr\\\/lancer-un-compte-gratuit\\\/\",\"url\":\"https:\\\/\\\/www.summer-app.com\\\/fr\\\/lancer-un-compte-gratuit\\\/\",\"name\":\"Lancer un compte gratuit - Summer - The web support platform\",\"isPartOf\":{\"@id\":\"https:\\\/\\\/www.summer-app.com\\\/fr\\\/#website\"},\"primaryImageOfPage\":{\"@id\":\"https:\\\/\\\/www.summer-app.com\\\/fr\\\/lancer-un-compte-gratuit\\\/#primaryimage\"},\"image\":{\"@id\":\"https:\\\/\\\/www.summer-app.com\\\/fr\\\/lancer-un-compte-gratuit\\\/#primaryimage\"},\"thumbnailUrl\":\"https:\\\/\\\/www.summer-app.com\\\/wp-content\\\/uploads\\\/2025\\\/10\\\/summer-launch.png\",\"datePublished\":\"2024-12-18T07:17:20+00:00\",\"dateModified\":\"2025-10-27T21:42:22+00:00\",\"breadcrumb\":{\"@id\":\"https:\\\/\\\/www.summer-app.com\\\/fr\\\/lancer-un-compte-gratuit\\\/#breadcrumb\"},\"inLanguage\":\"fr-FR\",\"potentialAction\":[{\"@type\":\"ReadAction\",\"target\":[\"https:\\\/\\\/www.summer-app.com\\\/fr\\\/lancer-un-compte-gratuit\\\/\"]}]},{\"@type\":\"ImageObject\",\"inLanguage\":\"fr-FR\",\"@id\":\"https:\\\/\\\/www.summer-app.com\\\/fr\\\/lancer-un-compte-gratuit\\\/#primaryimage\",\"url\":\"https:\\\/\\\/www.summer-app.com\\\/wp-content\\\/uploads\\\/2025\\\/10\\\/summer-launch.png\",\"contentUrl\":\"https:\\\/\\\/www.summer-app.com\\\/wp-content\\\/uploads\\\/2025\\\/10\\\/summer-launch.png\"},{\"@type\":\"BreadcrumbList\",\"@id\":\"https:\\\/\\\/www.summer-app.com\\\/fr\\\/lancer-un-compte-gratuit\\\/#breadcrumb\",\"itemListElement\":[{\"@type\":\"ListItem\",\"position\":1,\"name\":\"Accueil\",\"item\":\"https:\\\/\\\/www.summer-app.com\\\/fr\\\/\"},{\"@type\":\"ListItem\",\"position\":2,\"name\":\"Lancer un compte gratuit\"}]},{\"@type\":\"WebSite\",\"@id\":\"https:\\\/\\\/www.summer-app.com\\\/fr\\\/#website\",\"url\":\"https:\\\/\\\/www.summer-app.com\\\/fr\\\/\",\"name\":\"Summer - The web support platform\",\"description\":\"\",\"publisher\":{\"@id\":\"https:\\\/\\\/www.summer-app.com\\\/fr\\\/#organization\"},\"potentialAction\":[{\"@type\":\"SearchAction\",\"target\":{\"@type\":\"EntryPoint\",\"urlTemplate\":\"https:\\\/\\\/www.summer-app.com\\\/fr\\\/?s={search_term_string}\"},\"query-input\":{\"@type\":\"PropertyValueSpecification\",\"valueRequired\":true,\"valueName\":\"search_term_string\"}}],\"inLanguage\":\"fr-FR\"},{\"@type\":\"Organization\",\"@id\":\"https:\\\/\\\/www.summer-app.com\\\/fr\\\/#organization\",\"name\":\"Summer - The web support platform\",\"url\":\"https:\\\/\\\/www.summer-app.com\\\/fr\\\/\",\"logo\":{\"@type\":\"ImageObject\",\"inLanguage\":\"fr-FR\",\"@id\":\"https:\\\/\\\/www.summer-app.com\\\/fr\\\/#\\\/schema\\\/logo\\\/image\\\/\",\"url\":\"https:\\\/\\\/www.summer-app.com\\\/wp-content\\\/uploads\\\/2024\\\/09\\\/header-logo.png\",\"contentUrl\":\"https:\\\/\\\/www.summer-app.com\\\/wp-content\\\/uploads\\\/2024\\\/09\\\/header-logo.png\",\"width\":115,\"height\":68,\"caption\":\"Summer - The web support platform\"},\"image\":{\"@id\":\"https:\\\/\\\/www.summer-app.com\\\/fr\\\/#\\\/schema\\\/logo\\\/image\\\/\"}}]}<\/script>\n<!-- \/ Yoast SEO plugin. -->","yoast_head_json":{"title":"Lancer un compte gratuit - Summer - The web support platform","robots":{"index":"index","follow":"follow","max-snippet":"max-snippet:-1","max-image-preview":"max-image-preview:large","max-video-preview":"max-video-preview:-1"},"canonical":"https:\/\/www.summer-app.com\/fr\/lancer-un-compte-gratuit\/","og_locale":"fr_FR","og_type":"article","og_title":"Lancer un compte gratuit - Summer - The web support platform","og_description":"Lancez votre compte Summer Pour commencer, c&rsquo;est simple comme 1, 2, 3, Soleil. Pr\u00e9parez votre Summer Si vous \u00eates comme nous, nous aimons planifier l&rsquo;\u00e9t\u00e9. Nous parlons bien s\u00fbr de l&rsquo;abonnement au Plan Summer&nbsp;! Il vous suffit de calculer le co\u00fbt total pour tous les utilisateurs\/projets\/Go en fonction de vos besoins. Le prix est calcul\u00e9 sur la base de chaque utilisateur\/projet\/Go suppl\u00e9mentaire par rapport \u00e0 l&rsquo;offre de base qui comprend 2 utilisateurs, 2 projets et 2 Go. Les utilisateurs comptent uniquement pour votre \u00e9quipe. Les clients sont gratuits et illimit\u00e9s. Vous n&rsquo;\u00eates pas s\u00fbr de vos besoins exacts&nbsp;? Cr\u00e9ez un compte gratuit, puis d\u00e9veloppez au fur et \u00e0 mesure. Ne payez que ce que vous utilisez. \u00c9conomisez 25 % avec un plan annuel&nbsp;! Total : 5,99 $ 7,99 $ Prix \/ mois","og_url":"https:\/\/www.summer-app.com\/fr\/lancer-un-compte-gratuit\/","og_site_name":"Summer - The web support platform","article_modified_time":"2025-10-27T21:42:22+00:00","og_image":[{"width":1419,"height":358,"url":"https:\/\/www.summer-app.com\/wp-content\/uploads\/2025\/10\/summer-launch.png","type":"image\/png"}],"twitter_card":"summary_large_image","twitter_misc":{"Dur\u00e9e de lecture estim\u00e9e":"1 minute"},"schema":{"@context":"https:\/\/schema.org","@graph":[{"@type":"WebPage","@id":"https:\/\/www.summer-app.com\/fr\/lancer-un-compte-gratuit\/","url":"https:\/\/www.summer-app.com\/fr\/lancer-un-compte-gratuit\/","name":"Lancer un compte gratuit - Summer - The web support platform","isPartOf":{"@id":"https:\/\/www.summer-app.com\/fr\/#website"},"primaryImageOfPage":{"@id":"https:\/\/www.summer-app.com\/fr\/lancer-un-compte-gratuit\/#primaryimage"},"image":{"@id":"https:\/\/www.summer-app.com\/fr\/lancer-un-compte-gratuit\/#primaryimage"},"thumbnailUrl":"https:\/\/www.summer-app.com\/wp-content\/uploads\/2025\/10\/summer-launch.png","datePublished":"2024-12-18T07:17:20+00:00","dateModified":"2025-10-27T21:42:22+00:00","breadcrumb":{"@id":"https:\/\/www.summer-app.com\/fr\/lancer-un-compte-gratuit\/#breadcrumb"},"inLanguage":"fr-FR","potentialAction":[{"@type":"ReadAction","target":["https:\/\/www.summer-app.com\/fr\/lancer-un-compte-gratuit\/"]}]},{"@type":"ImageObject","inLanguage":"fr-FR","@id":"https:\/\/www.summer-app.com\/fr\/lancer-un-compte-gratuit\/#primaryimage","url":"https:\/\/www.summer-app.com\/wp-content\/uploads\/2025\/10\/summer-launch.png","contentUrl":"https:\/\/www.summer-app.com\/wp-content\/uploads\/2025\/10\/summer-launch.png"},{"@type":"BreadcrumbList","@id":"https:\/\/www.summer-app.com\/fr\/lancer-un-compte-gratuit\/#breadcrumb","itemListElement":[{"@type":"ListItem","position":1,"name":"Accueil","item":"https:\/\/www.summer-app.com\/fr\/"},{"@type":"ListItem","position":2,"name":"Lancer un compte gratuit"}]},{"@type":"WebSite","@id":"https:\/\/www.summer-app.com\/fr\/#website","url":"https:\/\/www.summer-app.com\/fr\/","name":"Summer - The web support platform","description":"","publisher":{"@id":"https:\/\/www.summer-app.com\/fr\/#organization"},"potentialAction":[{"@type":"SearchAction","target":{"@type":"EntryPoint","urlTemplate":"https:\/\/www.summer-app.com\/fr\/?s={search_term_string}"},"query-input":{"@type":"PropertyValueSpecification","valueRequired":true,"valueName":"search_term_string"}}],"inLanguage":"fr-FR"},{"@type":"Organization","@id":"https:\/\/www.summer-app.com\/fr\/#organization","name":"Summer - The web support platform","url":"https:\/\/www.summer-app.com\/fr\/","logo":{"@type":"ImageObject","inLanguage":"fr-FR","@id":"https:\/\/www.summer-app.com\/fr\/#\/schema\/logo\/image\/","url":"https:\/\/www.summer-app.com\/wp-content\/uploads\/2024\/09\/header-logo.png","contentUrl":"https:\/\/www.summer-app.com\/wp-content\/uploads\/2024\/09\/header-logo.png","width":115,"height":68,"caption":"Summer - The web support platform"},"image":{"@id":"https:\/\/www.summer-app.com\/fr\/#\/schema\/logo\/image\/"}}]}},"_links":{"self":[{"href":"https:\/\/www.summer-app.com\/fr\/wp-json\/wp\/v2\/pages\/463","targetHints":{"allow":["GET"]}}],"collection":[{"href":"https:\/\/www.summer-app.com\/fr\/wp-json\/wp\/v2\/pages"}],"about":[{"href":"https:\/\/www.summer-app.com\/fr\/wp-json\/wp\/v2\/types\/page"}],"author":[{"embeddable":true,"href":"https:\/\/www.summer-app.com\/fr\/wp-json\/wp\/v2\/users\/1"}],"replies":[{"embeddable":true,"href":"https:\/\/www.summer-app.com\/fr\/wp-json\/wp\/v2\/comments?post=463"}],"version-history":[{"count":13,"href":"https:\/\/www.summer-app.com\/fr\/wp-json\/wp\/v2\/pages\/463\/revisions"}],"predecessor-version":[{"id":1286,"href":"https:\/\/www.summer-app.com\/fr\/wp-json\/wp\/v2\/pages\/463\/revisions\/1286"}],"wp:attachment":[{"href":"https:\/\/www.summer-app.com\/fr\/wp-json\/wp\/v2\/media?parent=463"}],"curies":[{"name":"wp","href":"https:\/\/api.w.org\/{rel}","templated":true}]}}