{"id":635,"date":"2025-02-20T16:32:26","date_gmt":"2025-02-20T15:32:26","guid":{"rendered":"https:\/\/www.summer-app.com\/completez-votre-abonnement-dete\/"},"modified":"2025-09-17T08:59:50","modified_gmt":"2025-09-17T06:59:50","slug":"completez-votre-abonnement-dete","status":"publish","type":"page","link":"https:\/\/www.summer-app.com\/fr\/completez-votre-abonnement-dete\/","title":{"rendered":"Compl\u00e9tez votre abonnement Summer"},"content":{"rendered":"\n<div class=\"wp-block-group form-subscription has-orange-background-color has-background is-vertical is-content-justification-center is-layout-flex wp-container-core-group-is-layout-7add347e wp-block-group-is-layout-flex\" style=\"padding-top:var(--wp--preset--spacing--30);padding-bottom:var(--wp--preset--spacing--30)\">\n<p class=\"has-large-font-size\" style=\"font-style:normal;font-weight:500\">Merci pour votre achat et bienvenue sur Summer<\/p>\n\n\n\n<div class=\"wp-block-group has-global-padding is-layout-constrained wp-container-core-group-is-layout-f6f8c0cc wp-block-group-is-layout-constrained\">\n<p>Pour commencer, veuillez cr\u00e9er le nom de l&rsquo;organisation que vous utiliserez sur l&rsquo;application Summer. Votre compte e-mail sera enregistr\u00e9 en tant que propri\u00e9taire de ce compte. Vous recevrez ensuite un courriel contenant vos informations d&rsquo;acc\u00e8s \u00e0 l&rsquo;application Summer. Veuillez saisir le nom de l&rsquo;organisation (ne pas recharger ou fermer cette fen\u00eatre tant que le processus n&rsquo;est pas termin\u00e9) :   <\/p>\n<\/div>\n\n\n\n<div class=\"wp-block-contact-form-7-contact-form-selector\">\n<div class=\"wpcf7 no-js\" id=\"wpcf7-f633-o1\" lang=\"fr-FR\" dir=\"ltr\" data-wpcf7-id=\"633\">\n<div class=\"screen-reader-response\"><p role=\"status\" aria-live=\"polite\" aria-atomic=\"true\"><\/p> <ul><\/ul><\/div>\n<form action=\"\/fr\/wp-json\/wp\/v2\/pages\/635#wpcf7-f633-o1\" method=\"post\" class=\"wpcf7-form init\" aria-label=\"Formulaire de contact\" novalidate=\"novalidate\" data-status=\"init\">\n<fieldset class=\"hidden-fields-container\"><input type=\"hidden\" name=\"_wpcf7\" value=\"633\" \/><input type=\"hidden\" name=\"_wpcf7_version\" value=\"6.1.5\" \/><input type=\"hidden\" name=\"_wpcf7_locale\" value=\"fr_FR\" \/><input type=\"hidden\" name=\"_wpcf7_unit_tag\" value=\"wpcf7-f633-o1\" \/><input type=\"hidden\" name=\"_wpcf7_container_post\" value=\"0\" \/><input type=\"hidden\" name=\"_wpcf7_posted_data_hash\" value=\"\" \/>\n<\/fieldset>\n<div class=\"wpcf7-turnstile cf-turnstile\" data-sitekey=\"0x4AAAAAAB4NNqXmv00ls7m_\" data-response-field-name=\"_wpcf7_turnstile_response\"><\/div>\n\n<div class=\"form-group\">\n\t<p><label> Veuillez indiquer le nom de votre organisation sur Summer<br \/>\n<span class=\"wpcf7-form-control-wrap\" data-name=\"your-name\"><input size=\"40\" maxlength=\"400\" class=\"wpcf7-form-control wpcf7-text wpcf7-validates-as-required text-control\" autocomplete=\"name\" aria-required=\"true\" aria-invalid=\"false\" value=\"\" type=\"text\" name=\"your-name\" \/><\/span> <\/label>\n\t<\/p>\n<\/div>\n<p><input class=\"wpcf7-form-control wpcf7-submit has-spinner\" type=\"submit\" value=\"Soumettre\" \/>\n<\/p><div class=\"wpcf7-response-output\" aria-hidden=\"true\"><\/div>\n<\/form>\n<\/div>\n<\/div>\n\n\n\n<p>Vous recevrez ensuite un courriel contenant votre acc\u00e8s \u00e0 l&rsquo;application Summer.<\/p>\n<\/div>\n","protected":false},"excerpt":{"rendered":"<p>Merci pour votre achat et bienvenue sur Summer Pour commencer, veuillez cr\u00e9er le nom de l&rsquo;organisation que vous utiliserez sur l&rsquo;application Summer. Votre compte e-mail sera enregistr\u00e9 en tant que propri\u00e9taire de ce compte. Vous recevrez ensuite un courriel contenant vos informations d&rsquo;acc\u00e8s \u00e0 l&rsquo;application Summer. Veuillez saisir le nom de l&rsquo;organisation (ne pas recharger ou fermer cette fen\u00eatre tant que le processus n&rsquo;est pas termin\u00e9) : Vous recevrez ensuite un courriel contenant votre acc\u00e8s \u00e0 l&rsquo;application Summer.<\/p>\n","protected":false},"author":1,"featured_media":0,"parent":0,"menu_order":0,"comment_status":"closed","ping_status":"closed","template":"","meta":{"footnotes":""},"class_list":["post-635","page","type-page","status-publish","hentry"],"yoast_head":"<!-- This site is optimized with the Yoast SEO plugin v27.3 - https:\/\/yoast.com\/product\/yoast-seo-wordpress\/ -->\n<title>Compl\u00e9tez votre abonnement Summer - Summer - The web support platform<\/title>\n<meta name=\"robots\" content=\"index, follow, max-snippet:-1, max-image-preview:large, max-video-preview:-1\" \/>\n<link rel=\"canonical\" href=\"https:\/\/www.summer-app.com\/fr\/completez-votre-abonnement-dete\/\" \/>\n<meta property=\"og:locale\" content=\"fr_FR\" \/>\n<meta property=\"og:type\" content=\"article\" \/>\n<meta property=\"og:title\" content=\"Compl\u00e9tez votre abonnement Summer - Summer - The web support platform\" \/>\n<meta property=\"og:description\" content=\"Merci pour votre achat et bienvenue sur Summer Pour commencer, veuillez cr\u00e9er le nom de l&rsquo;organisation que vous utiliserez sur l&rsquo;application Summer. Votre compte e-mail sera enregistr\u00e9 en tant que propri\u00e9taire de ce compte. Vous recevrez ensuite un courriel contenant vos informations d&rsquo;acc\u00e8s \u00e0 l&rsquo;application Summer. Veuillez saisir le nom de l&rsquo;organisation (ne pas recharger ou fermer cette fen\u00eatre tant que le processus n&rsquo;est pas termin\u00e9) : Vous recevrez ensuite un courriel contenant votre acc\u00e8s \u00e0 l&rsquo;application Summer.\" \/>\n<meta property=\"og:url\" content=\"https:\/\/www.summer-app.com\/fr\/completez-votre-abonnement-dete\/\" \/>\n<meta property=\"og:site_name\" content=\"Summer - The web support platform\" \/>\n<meta property=\"article:modified_time\" content=\"2025-09-17T06:59:50+00:00\" \/>\n<meta name=\"twitter:card\" content=\"summary_large_image\" \/>\n<script type=\"application\/ld+json\" class=\"yoast-schema-graph\">{\"@context\":\"https:\\\/\\\/schema.org\",\"@graph\":[{\"@type\":\"WebPage\",\"@id\":\"https:\\\/\\\/www.summer-app.com\\\/fr\\\/completez-votre-abonnement-dete\\\/\",\"url\":\"https:\\\/\\\/www.summer-app.com\\\/fr\\\/completez-votre-abonnement-dete\\\/\",\"name\":\"Compl\u00e9tez votre abonnement Summer - Summer - The web support platform\",\"isPartOf\":{\"@id\":\"https:\\\/\\\/www.summer-app.com\\\/fr\\\/#website\"},\"datePublished\":\"2025-02-20T15:32:26+00:00\",\"dateModified\":\"2025-09-17T06:59:50+00:00\",\"breadcrumb\":{\"@id\":\"https:\\\/\\\/www.summer-app.com\\\/fr\\\/completez-votre-abonnement-dete\\\/#breadcrumb\"},\"inLanguage\":\"fr-FR\",\"potentialAction\":[{\"@type\":\"ReadAction\",\"target\":[\"https:\\\/\\\/www.summer-app.com\\\/fr\\\/completez-votre-abonnement-dete\\\/\"]}]},{\"@type\":\"BreadcrumbList\",\"@id\":\"https:\\\/\\\/www.summer-app.com\\\/fr\\\/completez-votre-abonnement-dete\\\/#breadcrumb\",\"itemListElement\":[{\"@type\":\"ListItem\",\"position\":1,\"name\":\"Accueil\",\"item\":\"https:\\\/\\\/www.summer-app.com\\\/fr\\\/\"},{\"@type\":\"ListItem\",\"position\":2,\"name\":\"Compl\u00e9tez votre abonnement Summer\"}]},{\"@type\":\"WebSite\",\"@id\":\"https:\\\/\\\/www.summer-app.com\\\/fr\\\/#website\",\"url\":\"https:\\\/\\\/www.summer-app.com\\\/fr\\\/\",\"name\":\"Summer - The web support platform\",\"description\":\"\",\"publisher\":{\"@id\":\"https:\\\/\\\/www.summer-app.com\\\/fr\\\/#organization\"},\"potentialAction\":[{\"@type\":\"SearchAction\",\"target\":{\"@type\":\"EntryPoint\",\"urlTemplate\":\"https:\\\/\\\/www.summer-app.com\\\/fr\\\/?s={search_term_string}\"},\"query-input\":{\"@type\":\"PropertyValueSpecification\",\"valueRequired\":true,\"valueName\":\"search_term_string\"}}],\"inLanguage\":\"fr-FR\"},{\"@type\":\"Organization\",\"@id\":\"https:\\\/\\\/www.summer-app.com\\\/fr\\\/#organization\",\"name\":\"Summer - The web support platform\",\"url\":\"https:\\\/\\\/www.summer-app.com\\\/fr\\\/\",\"logo\":{\"@type\":\"ImageObject\",\"inLanguage\":\"fr-FR\",\"@id\":\"https:\\\/\\\/www.summer-app.com\\\/fr\\\/#\\\/schema\\\/logo\\\/image\\\/\",\"url\":\"https:\\\/\\\/www.summer-app.com\\\/wp-content\\\/uploads\\\/2024\\\/09\\\/header-logo.png\",\"contentUrl\":\"https:\\\/\\\/www.summer-app.com\\\/wp-content\\\/uploads\\\/2024\\\/09\\\/header-logo.png\",\"width\":115,\"height\":68,\"caption\":\"Summer - The web support platform\"},\"image\":{\"@id\":\"https:\\\/\\\/www.summer-app.com\\\/fr\\\/#\\\/schema\\\/logo\\\/image\\\/\"}}]}<\/script>\n<!-- \/ Yoast SEO plugin. -->","yoast_head_json":{"title":"Compl\u00e9tez votre abonnement Summer - Summer - The web support platform","robots":{"index":"index","follow":"follow","max-snippet":"max-snippet:-1","max-image-preview":"max-image-preview:large","max-video-preview":"max-video-preview:-1"},"canonical":"https:\/\/www.summer-app.com\/fr\/completez-votre-abonnement-dete\/","og_locale":"fr_FR","og_type":"article","og_title":"Compl\u00e9tez votre abonnement Summer - Summer - The web support platform","og_description":"Merci pour votre achat et bienvenue sur Summer Pour commencer, veuillez cr\u00e9er le nom de l&rsquo;organisation que vous utiliserez sur l&rsquo;application Summer. Votre compte e-mail sera enregistr\u00e9 en tant que propri\u00e9taire de ce compte. Vous recevrez ensuite un courriel contenant vos informations d&rsquo;acc\u00e8s \u00e0 l&rsquo;application Summer. Veuillez saisir le nom de l&rsquo;organisation (ne pas recharger ou fermer cette fen\u00eatre tant que le processus n&rsquo;est pas termin\u00e9) : Vous recevrez ensuite un courriel contenant votre acc\u00e8s \u00e0 l&rsquo;application Summer.","og_url":"https:\/\/www.summer-app.com\/fr\/completez-votre-abonnement-dete\/","og_site_name":"Summer - The web support platform","article_modified_time":"2025-09-17T06:59:50+00:00","twitter_card":"summary_large_image","schema":{"@context":"https:\/\/schema.org","@graph":[{"@type":"WebPage","@id":"https:\/\/www.summer-app.com\/fr\/completez-votre-abonnement-dete\/","url":"https:\/\/www.summer-app.com\/fr\/completez-votre-abonnement-dete\/","name":"Compl\u00e9tez votre abonnement Summer - Summer - The web support platform","isPartOf":{"@id":"https:\/\/www.summer-app.com\/fr\/#website"},"datePublished":"2025-02-20T15:32:26+00:00","dateModified":"2025-09-17T06:59:50+00:00","breadcrumb":{"@id":"https:\/\/www.summer-app.com\/fr\/completez-votre-abonnement-dete\/#breadcrumb"},"inLanguage":"fr-FR","potentialAction":[{"@type":"ReadAction","target":["https:\/\/www.summer-app.com\/fr\/completez-votre-abonnement-dete\/"]}]},{"@type":"BreadcrumbList","@id":"https:\/\/www.summer-app.com\/fr\/completez-votre-abonnement-dete\/#breadcrumb","itemListElement":[{"@type":"ListItem","position":1,"name":"Accueil","item":"https:\/\/www.summer-app.com\/fr\/"},{"@type":"ListItem","position":2,"name":"Compl\u00e9tez votre abonnement Summer"}]},{"@type":"WebSite","@id":"https:\/\/www.summer-app.com\/fr\/#website","url":"https:\/\/www.summer-app.com\/fr\/","name":"Summer - The web support platform","description":"","publisher":{"@id":"https:\/\/www.summer-app.com\/fr\/#organization"},"potentialAction":[{"@type":"SearchAction","target":{"@type":"EntryPoint","urlTemplate":"https:\/\/www.summer-app.com\/fr\/?s={search_term_string}"},"query-input":{"@type":"PropertyValueSpecification","valueRequired":true,"valueName":"search_term_string"}}],"inLanguage":"fr-FR"},{"@type":"Organization","@id":"https:\/\/www.summer-app.com\/fr\/#organization","name":"Summer - The web support platform","url":"https:\/\/www.summer-app.com\/fr\/","logo":{"@type":"ImageObject","inLanguage":"fr-FR","@id":"https:\/\/www.summer-app.com\/fr\/#\/schema\/logo\/image\/","url":"https:\/\/www.summer-app.com\/wp-content\/uploads\/2024\/09\/header-logo.png","contentUrl":"https:\/\/www.summer-app.com\/wp-content\/uploads\/2024\/09\/header-logo.png","width":115,"height":68,"caption":"Summer - The web support platform"},"image":{"@id":"https:\/\/www.summer-app.com\/fr\/#\/schema\/logo\/image\/"}}]}},"_links":{"self":[{"href":"https:\/\/www.summer-app.com\/fr\/wp-json\/wp\/v2\/pages\/635","targetHints":{"allow":["GET"]}}],"collection":[{"href":"https:\/\/www.summer-app.com\/fr\/wp-json\/wp\/v2\/pages"}],"about":[{"href":"https:\/\/www.summer-app.com\/fr\/wp-json\/wp\/v2\/types\/page"}],"author":[{"embeddable":true,"href":"https:\/\/www.summer-app.com\/fr\/wp-json\/wp\/v2\/users\/1"}],"replies":[{"embeddable":true,"href":"https:\/\/www.summer-app.com\/fr\/wp-json\/wp\/v2\/comments?post=635"}],"version-history":[{"count":15,"href":"https:\/\/www.summer-app.com\/fr\/wp-json\/wp\/v2\/pages\/635\/revisions"}],"predecessor-version":[{"id":1127,"href":"https:\/\/www.summer-app.com\/fr\/wp-json\/wp\/v2\/pages\/635\/revisions\/1127"}],"wp:attachment":[{"href":"https:\/\/www.summer-app.com\/fr\/wp-json\/wp\/v2\/media?parent=635"}],"curies":[{"name":"wp","href":"https:\/\/api.w.org\/{rel}","templated":true}]}}