{"id":913,"date":"2025-04-03T16:21:37","date_gmt":"2025-04-03T14:21:37","guid":{"rendered":"https:\/\/www.summer-app.com\/panier\/"},"modified":"2025-04-09T17:32:45","modified_gmt":"2025-04-09T15:32:45","slug":"panier","status":"publish","type":"page","link":"https:\/\/www.summer-app.com\/fr\/panier\/","title":{"rendered":"Panier"},"content":{"rendered":"\n<div data-block-name=\"woocommerce\/cart\" class=\"wp-block-woocommerce-cart alignwide is-loading\">\n<div data-block-name=\"woocommerce\/filled-cart-block\" class=\"wp-block-woocommerce-filled-cart-block\">\n<div data-block-name=\"woocommerce\/cart-items-block\" class=\"wp-block-woocommerce-cart-items-block\">\n<div data-block-name=\"woocommerce\/cart-line-items-block\" class=\"wp-block-woocommerce-cart-line-items-block\"><\/div>\n\n\n\n<div data-block-name=\"woocommerce\/cart-cross-sells-block\" class=\"wp-block-woocommerce-cart-cross-sells-block\">\n<h2 class=\"wp-block-heading has-large-font-size\">Vous pourriez \u00eatre int\u00e9ress\u00e9 par&#8230;<\/h2>\n\n\n\n<div data-block-name=\"woocommerce\/cart-cross-sells-products-block\" class=\"wp-block-woocommerce-cart-cross-sells-products-block\"><\/div>\n<\/div>\n<\/div>\n\n\n\n<div data-block-name=\"woocommerce\/cart-totals-block\" class=\"wp-block-woocommerce-cart-totals-block\">\n<div data-block-name=\"woocommerce\/cart-order-summary-block\" class=\"wp-block-woocommerce-cart-order-summary-block\">\n<div data-block-name=\"woocommerce\/cart-order-summary-heading-block\" class=\"wp-block-woocommerce-cart-order-summary-heading-block\"><\/div><div data-block-name=\"woocommerce\/cart-order-summary-coupon-form-block\" class=\"wp-block-woocommerce-cart-order-summary-coupon-form-block\"><\/div><div data-block-name=\"woocommerce\/cart-order-summary-totals-block\" class=\"wp-block-woocommerce-cart-order-summary-totals-block\">\n<div data-block-name=\"woocommerce\/cart-order-summary-subtotal-block\" class=\"wp-block-woocommerce-cart-order-summary-subtotal-block\"><\/div>\n<div data-block-name=\"woocommerce\/cart-order-summary-discount-block\" class=\"wp-block-woocommerce-cart-order-summary-discount-block\"><\/div>\n<div data-block-name=\"woocommerce\/cart-order-summary-fee-block\" class=\"wp-block-woocommerce-cart-order-summary-fee-block\"><\/div>\n<div data-block-name=\"woocommerce\/cart-order-summary-shipping-block\" class=\"wp-block-woocommerce-cart-order-summary-shipping-block\"><\/div>\n<div data-block-name=\"woocommerce\/cart-order-summary-taxes-block\" class=\"wp-block-woocommerce-cart-order-summary-taxes-block\"><\/div><\/div>\n<\/div>\n\n\n\n<div data-block-name=\"woocommerce\/cart-express-payment-block\" class=\"wp-block-woocommerce-cart-express-payment-block\"><\/div>\n\n\n\n<div data-block-name=\"woocommerce\/proceed-to-checkout-block\" class=\"wp-block-woocommerce-proceed-to-checkout-block\"><\/div>\n\n\n\n<div data-block-name=\"woocommerce\/cart-accepted-payment-methods-block\" class=\"wp-block-woocommerce-cart-accepted-payment-methods-block\"><\/div>\n<\/div>\n<\/div>\n\n\n\n<div data-block-name=\"woocommerce\/empty-cart-block\" class=\"wp-block-woocommerce-empty-cart-block\">\n<h2 class=\"wp-block-heading has-text-align-center with-empty-cart-icon wc-block-cart__empty-cart__title\">Votre panier est actuellement vide !<\/h2>\n\n\n\n<hr class=\"wp-block-separator has-alpha-channel-opacity is-style-dots\"\/>\n\n\n\n<h2 class=\"wp-block-heading has-text-align-center\">Nouveau en magasin<\/h2>\n\n\n<div data-block-name=\"woocommerce\/product-new\" data-columns=\"4\" data-rows=\"1\" class=\"wc-block-grid wp-block-product-new wp-block-woocommerce-product-new wc-block-product-new has-4-columns\"><ul class=\"wc-block-grid__products\"><li class=\"wc-block-grid__product\">\n\t\t\t\t<a href=\"https:\/\/www.summer-app.com\/fr\/produit\/licence-summer\/\" class=\"wc-block-grid__product-link\">\n\t\t\t\t\t\n\t\t\t\t\t<div class=\"wc-block-grid__product-image\"><img decoding=\"async\" width=\"115\" height=\"68\" src=\"https:\/\/www.summer-app.com\/wp-content\/uploads\/2024\/09\/header-logo.png\" class=\"woocommerce-placeholder wp-post-image\" alt=\"\" \/><\/div>\n\t\t\t\t\t<div class=\"wc-block-grid__product-title\">Licence Summer<\/div>\n\t\t\t\t<\/a>\n\t\t\t\t<div class=\"wc-block-grid__product-price price\"><span class=\"from\">\u00c0 partir de\u00a0: <\/span><span class=\"woocommerce-Price-amount amount\">7,99&nbsp;<span class=\"woocommerce-Price-currencySymbol\">&#036;<\/span><\/span> <span class=\"subscription-details\"> \/ mois<\/span><\/div>\n\t\t\t\t\n\t\t\t\t<div class=\"wp-block-button wc-block-grid__product-add-to-cart\"><a href=\"https:\/\/www.summer-app.com\/fr\/produit\/licence-summer\/\" aria-label=\"S\u00e9lectionner les options pour &ldquo;Licence Summer&rdquo;\" data-quantity=\"1\" data-product_id=\"1016\" data-product_sku=\"\" data-price=\"7.99\" rel=\"nofollow\" class=\"wp-block-button__link  add_to_cart_button\">Choix des options<\/a><\/div>\n\t\t\t<\/li><li class=\"wc-block-grid__product\">\n\t\t\t\t<a href=\"https:\/\/www.summer-app.com\/fr\/produit\/licence-summer-gratuite\/\" class=\"wc-block-grid__product-link\">\n\t\t\t\t\t\n\t\t\t\t\t<div class=\"wc-block-grid__product-image\"><img decoding=\"async\" width=\"115\" height=\"68\" src=\"https:\/\/www.summer-app.com\/wp-content\/uploads\/2024\/09\/header-logo.png\" class=\"woocommerce-placeholder wp-post-image\" alt=\"\" \/><\/div>\n\t\t\t\t\t<div class=\"wc-block-grid__product-title\">Licence Summer &#8211; Gratuite<\/div>\n\t\t\t\t<\/a>\n\t\t\t\t<div class=\"wc-block-grid__product-price price\"><span class=\"woocommerce-Price-amount amount\">0,00&nbsp;<span class=\"woocommerce-Price-currencySymbol\">&#036;<\/span><\/span> <span class=\"subscription-details\"> \/ mois<\/span><\/div>\n\t\t\t\t\n\t\t\t\t<div class=\"wp-block-button wc-block-grid__product-add-to-cart\"><a href=\"\/fr\/wp-json\/wp\/v2\/pages\/913?add-to-cart=906\" aria-label=\"Sign up now\u00a0: \u00ab\u00a0Licence Summer - Gratuite\u00a0\u00bb\" data-quantity=\"1\" data-product_id=\"906\" data-product_sku=\"\" data-price=\"0\" rel=\"nofollow\" class=\"wp-block-button__link  add_to_cart_button ajax_add_to_cart\">Sign up now<\/a><\/div>\n\t\t\t<\/li><li class=\"wc-block-grid__product\">\n\t\t\t\t<a href=\"https:\/\/www.summer-app.com\/fr\/produit\/licence-summer-mensuelle\/\" class=\"wc-block-grid__product-link\">\n\t\t\t\t\t\n\t\t\t\t\t<div class=\"wc-block-grid__product-image\"><img decoding=\"async\" width=\"115\" height=\"68\" src=\"https:\/\/www.summer-app.com\/wp-content\/uploads\/2024\/09\/header-logo.png\" class=\"woocommerce-placeholder wp-post-image\" alt=\"\" \/><\/div>\n\t\t\t\t\t<div class=\"wc-block-grid__product-title\">Licence Summer &#8211; Mensuelle<\/div>\n\t\t\t\t<\/a>\n\t\t\t\t<div class=\"wc-block-grid__product-price price\"><span class=\"woocommerce-Price-amount amount\">7,99&nbsp;<span class=\"woocommerce-Price-currencySymbol\">&#036;<\/span><\/span> <span class=\"subscription-details\"> \/ mois<\/span><\/div>\n\t\t\t\t\n\t\t\t\t<div class=\"wp-block-button wc-block-grid__product-add-to-cart\"><a href=\"https:\/\/www.summer-app.com\/fr\/produit\/licence-summer-mensuelle\/\" aria-label=\"En savoir plus sur \u00ab\u00a0Licence Summer - Mensuelle\u00a0\u00bb\" data-quantity=\"1\" data-product_id=\"907\" data-product_sku=\"\" data-price=\"7.99\" rel=\"nofollow\" class=\"wp-block-button__link  add_to_cart_button\">Lire plus<\/a><\/div>\n\t\t\t<\/li><li class=\"wc-block-grid__product\">\n\t\t\t\t<a href=\"https:\/\/www.summer-app.com\/fr\/produit\/licence-summer-annuelle\/\" class=\"wc-block-grid__product-link\">\n\t\t\t\t\t\n\t\t\t\t\t<div class=\"wc-block-grid__product-image\"><img decoding=\"async\" width=\"115\" height=\"68\" src=\"https:\/\/www.summer-app.com\/wp-content\/uploads\/2024\/09\/header-logo.png\" class=\"woocommerce-placeholder wp-post-image\" alt=\"\" \/><\/div>\n\t\t\t\t\t<div class=\"wc-block-grid__product-title\">Licence Summer &#8211; annuelle<\/div>\n\t\t\t\t<\/a>\n\t\t\t\t<div class=\"wc-block-grid__product-price price\"><span class=\"woocommerce-Price-amount amount\">71,88&nbsp;<span class=\"woocommerce-Price-currencySymbol\">&#036;<\/span><\/span> <span class=\"subscription-details\"> \/ ann\u00e9e<\/span><\/div>\n\t\t\t\t\n\t\t\t\t<div class=\"wp-block-button wc-block-grid__product-add-to-cart\"><a href=\"\/fr\/wp-json\/wp\/v2\/pages\/913?add-to-cart=908\" aria-label=\"Sign up now\u00a0: \u00ab\u00a0Licence Summer - annuelle\u00a0\u00bb\" data-quantity=\"1\" data-product_id=\"908\" data-product_sku=\"\" data-price=\"71.88\" rel=\"nofollow\" class=\"wp-block-button__link  add_to_cart_button ajax_add_to_cart\">Sign up now<\/a><\/div>\n\t\t\t<\/li><\/ul><\/div><\/div>\n<\/div>\n","protected":false},"excerpt":{"rendered":"","protected":false},"author":1,"featured_media":0,"parent":0,"menu_order":0,"comment_status":"closed","ping_status":"closed","template":"","meta":{"footnotes":""},"class_list":["post-913","page","type-page","status-publish","hentry"],"yoast_head":"<!-- This site is optimized with the Yoast SEO plugin v27.3 - https:\/\/yoast.com\/product\/yoast-seo-wordpress\/ -->\n<title>Panier - Summer - The web support platform<\/title>\n<meta name=\"robots\" content=\"index, follow, max-snippet:-1, max-image-preview:large, max-video-preview:-1\" \/>\n<link rel=\"canonical\" href=\"https:\/\/www.summer-app.com\/fr\/panier\/\" \/>\n<meta property=\"og:locale\" content=\"fr_FR\" \/>\n<meta property=\"og:type\" content=\"article\" \/>\n<meta property=\"og:title\" content=\"Panier - Summer - The web support platform\" \/>\n<meta property=\"og:url\" content=\"https:\/\/www.summer-app.com\/fr\/panier\/\" \/>\n<meta property=\"og:site_name\" content=\"Summer - The web support platform\" \/>\n<meta property=\"article:modified_time\" content=\"2025-04-09T15:32:45+00:00\" \/>\n<meta name=\"twitter:card\" content=\"summary_large_image\" \/>\n<script type=\"application\/ld+json\" class=\"yoast-schema-graph\">{\"@context\":\"https:\\\/\\\/schema.org\",\"@graph\":[{\"@type\":\"WebPage\",\"@id\":\"https:\\\/\\\/www.summer-app.com\\\/fr\\\/panier\\\/\",\"url\":\"https:\\\/\\\/www.summer-app.com\\\/fr\\\/panier\\\/\",\"name\":\"Panier - Summer - The web support platform\",\"isPartOf\":{\"@id\":\"https:\\\/\\\/www.summer-app.com\\\/fr\\\/#website\"},\"datePublished\":\"2025-04-03T14:21:37+00:00\",\"dateModified\":\"2025-04-09T15:32:45+00:00\",\"breadcrumb\":{\"@id\":\"https:\\\/\\\/www.summer-app.com\\\/fr\\\/panier\\\/#breadcrumb\"},\"inLanguage\":\"fr-FR\",\"potentialAction\":[{\"@type\":\"ReadAction\",\"target\":[\"https:\\\/\\\/www.summer-app.com\\\/fr\\\/panier\\\/\"]}]},{\"@type\":\"BreadcrumbList\",\"@id\":\"https:\\\/\\\/www.summer-app.com\\\/fr\\\/panier\\\/#breadcrumb\",\"itemListElement\":[{\"@type\":\"ListItem\",\"position\":1,\"name\":\"Accueil\",\"item\":\"https:\\\/\\\/www.summer-app.com\\\/fr\\\/\"},{\"@type\":\"ListItem\",\"position\":2,\"name\":\"Panier\"}]},{\"@type\":\"WebSite\",\"@id\":\"https:\\\/\\\/www.summer-app.com\\\/fr\\\/#website\",\"url\":\"https:\\\/\\\/www.summer-app.com\\\/fr\\\/\",\"name\":\"Summer - The web support platform\",\"description\":\"\",\"publisher\":{\"@id\":\"https:\\\/\\\/www.summer-app.com\\\/fr\\\/#organization\"},\"potentialAction\":[{\"@type\":\"SearchAction\",\"target\":{\"@type\":\"EntryPoint\",\"urlTemplate\":\"https:\\\/\\\/www.summer-app.com\\\/fr\\\/?s={search_term_string}\"},\"query-input\":{\"@type\":\"PropertyValueSpecification\",\"valueRequired\":true,\"valueName\":\"search_term_string\"}}],\"inLanguage\":\"fr-FR\"},{\"@type\":\"Organization\",\"@id\":\"https:\\\/\\\/www.summer-app.com\\\/fr\\\/#organization\",\"name\":\"Summer - The web support platform\",\"url\":\"https:\\\/\\\/www.summer-app.com\\\/fr\\\/\",\"logo\":{\"@type\":\"ImageObject\",\"inLanguage\":\"fr-FR\",\"@id\":\"https:\\\/\\\/www.summer-app.com\\\/fr\\\/#\\\/schema\\\/logo\\\/image\\\/\",\"url\":\"https:\\\/\\\/www.summer-app.com\\\/wp-content\\\/uploads\\\/2024\\\/09\\\/header-logo.png\",\"contentUrl\":\"https:\\\/\\\/www.summer-app.com\\\/wp-content\\\/uploads\\\/2024\\\/09\\\/header-logo.png\",\"width\":115,\"height\":68,\"caption\":\"Summer - The web support platform\"},\"image\":{\"@id\":\"https:\\\/\\\/www.summer-app.com\\\/fr\\\/#\\\/schema\\\/logo\\\/image\\\/\"}}]}<\/script>\n<!-- \/ Yoast SEO plugin. -->","yoast_head_json":{"title":"Panier - Summer - The web support platform","robots":{"index":"index","follow":"follow","max-snippet":"max-snippet:-1","max-image-preview":"max-image-preview:large","max-video-preview":"max-video-preview:-1"},"canonical":"https:\/\/www.summer-app.com\/fr\/panier\/","og_locale":"fr_FR","og_type":"article","og_title":"Panier - Summer - The web support platform","og_url":"https:\/\/www.summer-app.com\/fr\/panier\/","og_site_name":"Summer - The web support platform","article_modified_time":"2025-04-09T15:32:45+00:00","twitter_card":"summary_large_image","schema":{"@context":"https:\/\/schema.org","@graph":[{"@type":"WebPage","@id":"https:\/\/www.summer-app.com\/fr\/panier\/","url":"https:\/\/www.summer-app.com\/fr\/panier\/","name":"Panier - Summer - The web support platform","isPartOf":{"@id":"https:\/\/www.summer-app.com\/fr\/#website"},"datePublished":"2025-04-03T14:21:37+00:00","dateModified":"2025-04-09T15:32:45+00:00","breadcrumb":{"@id":"https:\/\/www.summer-app.com\/fr\/panier\/#breadcrumb"},"inLanguage":"fr-FR","potentialAction":[{"@type":"ReadAction","target":["https:\/\/www.summer-app.com\/fr\/panier\/"]}]},{"@type":"BreadcrumbList","@id":"https:\/\/www.summer-app.com\/fr\/panier\/#breadcrumb","itemListElement":[{"@type":"ListItem","position":1,"name":"Accueil","item":"https:\/\/www.summer-app.com\/fr\/"},{"@type":"ListItem","position":2,"name":"Panier"}]},{"@type":"WebSite","@id":"https:\/\/www.summer-app.com\/fr\/#website","url":"https:\/\/www.summer-app.com\/fr\/","name":"Summer - The web support platform","description":"","publisher":{"@id":"https:\/\/www.summer-app.com\/fr\/#organization"},"potentialAction":[{"@type":"SearchAction","target":{"@type":"EntryPoint","urlTemplate":"https:\/\/www.summer-app.com\/fr\/?s={search_term_string}"},"query-input":{"@type":"PropertyValueSpecification","valueRequired":true,"valueName":"search_term_string"}}],"inLanguage":"fr-FR"},{"@type":"Organization","@id":"https:\/\/www.summer-app.com\/fr\/#organization","name":"Summer - The web support platform","url":"https:\/\/www.summer-app.com\/fr\/","logo":{"@type":"ImageObject","inLanguage":"fr-FR","@id":"https:\/\/www.summer-app.com\/fr\/#\/schema\/logo\/image\/","url":"https:\/\/www.summer-app.com\/wp-content\/uploads\/2024\/09\/header-logo.png","contentUrl":"https:\/\/www.summer-app.com\/wp-content\/uploads\/2024\/09\/header-logo.png","width":115,"height":68,"caption":"Summer - The web support platform"},"image":{"@id":"https:\/\/www.summer-app.com\/fr\/#\/schema\/logo\/image\/"}}]}},"_links":{"self":[{"href":"https:\/\/www.summer-app.com\/fr\/wp-json\/wp\/v2\/pages\/913","targetHints":{"allow":["GET"]}}],"collection":[{"href":"https:\/\/www.summer-app.com\/fr\/wp-json\/wp\/v2\/pages"}],"about":[{"href":"https:\/\/www.summer-app.com\/fr\/wp-json\/wp\/v2\/types\/page"}],"author":[{"embeddable":true,"href":"https:\/\/www.summer-app.com\/fr\/wp-json\/wp\/v2\/users\/1"}],"replies":[{"embeddable":true,"href":"https:\/\/www.summer-app.com\/fr\/wp-json\/wp\/v2\/comments?post=913"}],"version-history":[{"count":1,"href":"https:\/\/www.summer-app.com\/fr\/wp-json\/wp\/v2\/pages\/913\/revisions"}],"predecessor-version":[{"id":914,"href":"https:\/\/www.summer-app.com\/fr\/wp-json\/wp\/v2\/pages\/913\/revisions\/914"}],"wp:attachment":[{"href":"https:\/\/www.summer-app.com\/fr\/wp-json\/wp\/v2\/media?parent=913"}],"curies":[{"name":"wp","href":"https:\/\/api.w.org\/{rel}","templated":true}]}}